{"id":8561,"date":"2024-11-26T17:58:35","date_gmt":"2024-11-26T17:58:35","guid":{"rendered":"https:\/\/mdisitges.com\/blog\/"},"modified":"2025-07-22T09:49:48","modified_gmt":"2025-07-22T09:49:48","slug":"blog","status":"publish","type":"page","link":"https:\/\/mdisitges.com\/en\/blog\/","title":{"rendered":"Blog"},"content":{"rendered":"\t\t<div data-elementor-type=\"wp-page\" data-elementor-id=\"8561\" class=\"elementor elementor-8561 elementor-6499\" data-elementor-post-type=\"page\">\n\t\t\t\t\t\t<section class=\"elementor-section elementor-top-section elementor-element elementor-element-f608b38 elementor-section-boxed elementor-section-height-default elementor-section-height-default\" data-id=\"f608b38\" data-element_type=\"section\">\n\t\t\t\t\t\t<div class=\"elementor-container elementor-column-gap-default\">\n\t\t\t\t\t<div class=\"elementor-column elementor-col-100 elementor-top-column elementor-element elementor-element-d999c19\" data-id=\"d999c19\" data-element_type=\"column\">\n\t\t\t<div class=\"elementor-widget-wrap elementor-element-populated\">\n\t\t\t\t\t\t<div class=\"elementor-element elementor-element-fdb3d77 elementor-grid-1 elementor-grid-tablet-1 elementor-posts--align-left elementor-grid-mobile-1 elementor-posts--thumbnail-top elementor-widget elementor-widget-posts\" data-id=\"fdb3d77\" data-element_type=\"widget\" data-settings=\"{&quot;classic_columns&quot;:&quot;1&quot;,&quot;classic_columns_tablet&quot;:&quot;1&quot;,&quot;classic_row_gap&quot;:{&quot;unit&quot;:&quot;em&quot;,&quot;size&quot;:4,&quot;sizes&quot;:[]},&quot;classic_row_gap_tablet&quot;:{&quot;unit&quot;:&quot;em&quot;,&quot;size&quot;:&quot;&quot;,&quot;sizes&quot;:[]},&quot;classic_row_gap_mobile&quot;:{&quot;unit&quot;:&quot;em&quot;,&quot;size&quot;:&quot;&quot;,&quot;sizes&quot;:[]},&quot;pagination_type&quot;:&quot;load_more_infinite_scroll&quot;,&quot;load_more_spinner&quot;:{&quot;value&quot;:&quot;fas fa-circle-notch&quot;,&quot;library&quot;:&quot;fa-solid&quot;},&quot;classic_columns_mobile&quot;:&quot;1&quot;}\" data-widget_type=\"posts.classic\">\n\t\t\t\t<div class=\"elementor-widget-container\">\n\t\t\t\t\t\t\t<div class=\"elementor-posts-container elementor-posts elementor-posts--skin-classic elementor-grid\" role=\"list\">\n\t\t\t\t<article class=\"elementor-post elementor-grid-item post-8564 post type-post status-publish format-standard has-post-thumbnail hentry category-interior-design tag-diseno-en tag-disenod-e-interiores-en tag-interiorismo-en tag-mobiliario-en tag-muebles-en-sitges-en tag-tienda-de-muebles-en tag-tienda-de-muebles-en-sitges-en\" role=\"listitem\">\n\t\t\t\t<a class=\"elementor-post__thumbnail__link\" href=\"https:\/\/mdisitges.com\/en\/top-furniture-trends-in-the-millennium-new-directions-for-furniture-in-the-21st-century\/\" tabindex=\"-1\" >\n\t\t\t<div class=\"elementor-post__thumbnail\"><img fetchpriority=\"high\" decoding=\"async\" width=\"1050\" height=\"788\" src=\"https:\/\/mdisitges.com\/wp-content\/uploads\/2024\/03\/la-nobleza.jpg\" class=\"attachment-full size-full wp-image-8131\" alt=\"\" srcset=\"https:\/\/mdisitges.com\/wp-content\/uploads\/2024\/03\/la-nobleza.jpg 1050w, https:\/\/mdisitges.com\/wp-content\/uploads\/2024\/03\/la-nobleza-600x450.jpg 600w, https:\/\/mdisitges.com\/wp-content\/uploads\/2024\/03\/la-nobleza-300x225.jpg 300w, https:\/\/mdisitges.com\/wp-content\/uploads\/2024\/03\/la-nobleza-1024x768.jpg 1024w, https:\/\/mdisitges.com\/wp-content\/uploads\/2024\/03\/la-nobleza-768x576.jpg 768w\" sizes=\"(max-width: 1050px) 100vw, 1050px\" \/><\/div>\n\t\t<\/a>\n\t\t\t\t<div class=\"elementor-post__text\">\n\t\t\t\t<h2 class=\"elementor-post__title\">\n\t\t\t<a href=\"https:\/\/mdisitges.com\/en\/top-furniture-trends-in-the-millennium-new-directions-for-furniture-in-the-21st-century\/\" >\n\t\t\t\tTienda de muebles en Sitges\t\t\t<\/a>\n\t\t<\/h2>\n\t\t\t\t<div class=\"elementor-post__meta-data\">\n\t\t\t\t\t<span class=\"elementor-post-date\">\n\t\t\tApril 20, 2024\t\t<\/span>\n\t\t\t\t<\/div>\n\t\t\t\t<div class=\"elementor-post__excerpt\">\n\t\t\t<p>\u00a1Bienvenidos a MDI Sitges! Tu nuevo destino para la decoraci\u00f3n y dise\u00f1o interior. Descubre muebles y accesorios de alta calidad para crear espacios \u00fanicos y llenos de estilo. \u00a1Te esperamos para hacer realidad tus proyectos de decoraci\u00f3n! #MDISitges #Decoraci\u00f3n #Dise\u00f1oInterior<\/p>\n\t\t<\/div>\n\t\t\n\t\t<a class=\"elementor-post__read-more\" href=\"https:\/\/mdisitges.com\/en\/top-furniture-trends-in-the-millennium-new-directions-for-furniture-in-the-21st-century\/\" aria-label=\"Read more about Tienda de muebles en Sitges\" tabindex=\"-1\" >\n\t\t\tRead publication\t\t<\/a>\n\n\t\t\t\t<\/div>\n\t\t\t\t<\/article>\n\t\t\t\t<article class=\"elementor-post elementor-grid-item post-8571 post type-post status-publish format-standard has-post-thumbnail hentry category-office-en tag-furniture-en tag-ideas-en\" role=\"listitem\">\n\t\t\t\t<a class=\"elementor-post__thumbnail__link\" href=\"https:\/\/mdisitges.com\/en\/tips-how-to-add-a-color-to-a-monochromatic-interior\/\" tabindex=\"-1\" >\n\t\t\t<div class=\"elementor-post__thumbnail\"><img decoding=\"async\" width=\"1600\" height=\"800\" src=\"https:\/\/mdisitges.com\/wp-content\/uploads\/2017\/04\/post3.jpg\" class=\"attachment-full size-full wp-image-8032\" alt=\"\" srcset=\"https:\/\/mdisitges.com\/wp-content\/uploads\/2017\/04\/post3.jpg 1600w, https:\/\/mdisitges.com\/wp-content\/uploads\/2017\/04\/post3-600x300.jpg 600w, https:\/\/mdisitges.com\/wp-content\/uploads\/2017\/04\/post3-300x150.jpg 300w, https:\/\/mdisitges.com\/wp-content\/uploads\/2017\/04\/post3-1024x512.jpg 1024w, https:\/\/mdisitges.com\/wp-content\/uploads\/2017\/04\/post3-768x384.jpg 768w, https:\/\/mdisitges.com\/wp-content\/uploads\/2017\/04\/post3-1536x768.jpg 1536w, https:\/\/mdisitges.com\/wp-content\/uploads\/2017\/04\/post3-1280x640.jpg 1280w\" sizes=\"(max-width: 1600px) 100vw, 1600px\" \/><\/div>\n\t\t<\/a>\n\t\t\t\t<div class=\"elementor-post__text\">\n\t\t\t\t<h2 class=\"elementor-post__title\">\n\t\t\t<a href=\"https:\/\/mdisitges.com\/en\/tips-how-to-add-a-color-to-a-monochromatic-interior\/\" >\n\t\t\t\tTips How To Add A Color To A Monochromatic Interior.\t\t\t<\/a>\n\t\t<\/h2>\n\t\t\t\t<div class=\"elementor-post__meta-data\">\n\t\t\t\t\t<span class=\"elementor-post-date\">\n\t\t\tMarch 13, 2017\t\t<\/span>\n\t\t\t\t<\/div>\n\t\t\t\t<div class=\"elementor-post__excerpt\">\n\t\t\t<p>Assuming that you will go the easy way and choose a theme for your WordPress website, the overall number of characteristics that you will need to keep in mind narrows down significantly.<\/p>\n\t\t<\/div>\n\t\t\n\t\t<a class=\"elementor-post__read-more\" href=\"https:\/\/mdisitges.com\/en\/tips-how-to-add-a-color-to-a-monochromatic-interior\/\" aria-label=\"Read more about Tips How To Add A Color To A Monochromatic Interior.\" tabindex=\"-1\" >\n\t\t\tRead publication\t\t<\/a>\n\n\t\t\t\t<\/div>\n\t\t\t\t<\/article>\n\t\t\t\t<article class=\"elementor-post elementor-grid-item post-8566 post type-post status-publish format-standard has-post-thumbnail hentry category-dining-en tag-furniture-en tag-ideas-en\" role=\"listitem\">\n\t\t\t\t<a class=\"elementor-post__thumbnail__link\" href=\"https:\/\/mdisitges.com\/en\/coffee-table-decoration-ideas-guide\/\" tabindex=\"-1\" >\n\t\t\t<div class=\"elementor-post__thumbnail\"><img decoding=\"async\" width=\"1600\" height=\"800\" src=\"https:\/\/mdisitges.com\/wp-content\/uploads\/2017\/04\/post10.jpg\" class=\"attachment-full size-full wp-image-8039\" alt=\"\" srcset=\"https:\/\/mdisitges.com\/wp-content\/uploads\/2017\/04\/post10.jpg 1600w, https:\/\/mdisitges.com\/wp-content\/uploads\/2017\/04\/post10-600x300.jpg 600w, https:\/\/mdisitges.com\/wp-content\/uploads\/2017\/04\/post10-300x150.jpg 300w, https:\/\/mdisitges.com\/wp-content\/uploads\/2017\/04\/post10-1024x512.jpg 1024w, https:\/\/mdisitges.com\/wp-content\/uploads\/2017\/04\/post10-768x384.jpg 768w, https:\/\/mdisitges.com\/wp-content\/uploads\/2017\/04\/post10-1536x768.jpg 1536w, https:\/\/mdisitges.com\/wp-content\/uploads\/2017\/04\/post10-1280x640.jpg 1280w\" sizes=\"(max-width: 1600px) 100vw, 1600px\" \/><\/div>\n\t\t<\/a>\n\t\t\t\t<div class=\"elementor-post__text\">\n\t\t\t\t<h2 class=\"elementor-post__title\">\n\t\t\t<a href=\"https:\/\/mdisitges.com\/en\/coffee-table-decoration-ideas-guide\/\" >\n\t\t\t\tCoffee Table Decoration Ideas Guide.\t\t\t<\/a>\n\t\t<\/h2>\n\t\t\t\t<div class=\"elementor-post__meta-data\">\n\t\t\t\t\t<span class=\"elementor-post-date\">\n\t\t\tMarch 13, 2017\t\t<\/span>\n\t\t\t\t<\/div>\n\t\t\t\t<div class=\"elementor-post__excerpt\">\n\t\t\t<p>In the modern days of a very tight online business competition, ranking high in such search engines as Google, Bing or Yahoo is critical. \u00a0With the help of our heavy customizations, each of our Business WordPress Themes is enhanced with optimized features.<\/p>\n\t\t<\/div>\n\t\t\n\t\t<a class=\"elementor-post__read-more\" href=\"https:\/\/mdisitges.com\/en\/coffee-table-decoration-ideas-guide\/\" aria-label=\"Read more about Coffee Table Decoration Ideas Guide.\" tabindex=\"-1\" >\n\t\t\tRead publication\t\t<\/a>\n\n\t\t\t\t<\/div>\n\t\t\t\t<\/article>\n\t\t\t\t<article class=\"elementor-post elementor-grid-item post-8567 post type-post status-publish format-standard has-post-thumbnail hentry category-bedroom tag-decorating-en tag-furniture-en tag-ideas-en\" role=\"listitem\">\n\t\t\t\t<a class=\"elementor-post__thumbnail__link\" href=\"https:\/\/mdisitges.com\/en\/decoration-ideas-guide\/\" tabindex=\"-1\" >\n\t\t\t<div class=\"elementor-post__thumbnail\"><img loading=\"lazy\" decoding=\"async\" width=\"1600\" height=\"800\" src=\"https:\/\/mdisitges.com\/wp-content\/uploads\/2017\/04\/post1-1.jpg\" class=\"attachment-full size-full wp-image-8040\" alt=\"\" srcset=\"https:\/\/mdisitges.com\/wp-content\/uploads\/2017\/04\/post1-1.jpg 1600w, https:\/\/mdisitges.com\/wp-content\/uploads\/2017\/04\/post1-1-600x300.jpg 600w, https:\/\/mdisitges.com\/wp-content\/uploads\/2017\/04\/post1-1-300x150.jpg 300w, https:\/\/mdisitges.com\/wp-content\/uploads\/2017\/04\/post1-1-1024x512.jpg 1024w, https:\/\/mdisitges.com\/wp-content\/uploads\/2017\/04\/post1-1-768x384.jpg 768w, https:\/\/mdisitges.com\/wp-content\/uploads\/2017\/04\/post1-1-1536x768.jpg 1536w, https:\/\/mdisitges.com\/wp-content\/uploads\/2017\/04\/post1-1-1280x640.jpg 1280w\" sizes=\"(max-width: 1600px) 100vw, 1600px\" \/><\/div>\n\t\t<\/a>\n\t\t\t\t<div class=\"elementor-post__text\">\n\t\t\t\t<h2 class=\"elementor-post__title\">\n\t\t\t<a href=\"https:\/\/mdisitges.com\/en\/decoration-ideas-guide\/\" >\n\t\t\t\tDecoration Ideas Guide\t\t\t<\/a>\n\t\t<\/h2>\n\t\t\t\t<div class=\"elementor-post__meta-data\">\n\t\t\t\t\t<span class=\"elementor-post-date\">\n\t\t\tMarch 13, 2017\t\t<\/span>\n\t\t\t\t<\/div>\n\t\t\t\t<div class=\"elementor-post__excerpt\">\n\t\t\t<p>With that notion in mind, our team of professional WordPress coders has been working day and night to roll out a definitive collection of built-in WordPress plugins, that come with each of our WordPress themes\u2026<\/p>\n\t\t<\/div>\n\t\t\n\t\t<a class=\"elementor-post__read-more\" href=\"https:\/\/mdisitges.com\/en\/decoration-ideas-guide\/\" aria-label=\"Read more about Decoration Ideas Guide\" tabindex=\"-1\" >\n\t\t\tRead publication\t\t<\/a>\n\n\t\t\t\t<\/div>\n\t\t\t\t<\/article>\n\t\t\t\t<article class=\"elementor-post elementor-grid-item post-8568 post type-post status-publish format-standard has-post-thumbnail hentry category-bedroom category-furniture tag-furniture-en tag-ideas-en tag-style-en\" role=\"listitem\">\n\t\t\t\t<a class=\"elementor-post__thumbnail__link\" href=\"https:\/\/mdisitges.com\/en\/huge-number-of-services\/\" tabindex=\"-1\" >\n\t\t\t<div class=\"elementor-post__thumbnail\"><img loading=\"lazy\" decoding=\"async\" width=\"1600\" height=\"800\" src=\"https:\/\/mdisitges.com\/wp-content\/uploads\/2017\/04\/post9.jpg\" class=\"attachment-full size-full wp-image-8038\" alt=\"\" srcset=\"https:\/\/mdisitges.com\/wp-content\/uploads\/2017\/04\/post9.jpg 1600w, https:\/\/mdisitges.com\/wp-content\/uploads\/2017\/04\/post9-600x300.jpg 600w, https:\/\/mdisitges.com\/wp-content\/uploads\/2017\/04\/post9-300x150.jpg 300w, https:\/\/mdisitges.com\/wp-content\/uploads\/2017\/04\/post9-1024x512.jpg 1024w, https:\/\/mdisitges.com\/wp-content\/uploads\/2017\/04\/post9-768x384.jpg 768w, https:\/\/mdisitges.com\/wp-content\/uploads\/2017\/04\/post9-1536x768.jpg 1536w, https:\/\/mdisitges.com\/wp-content\/uploads\/2017\/04\/post9-1280x640.jpg 1280w\" sizes=\"(max-width: 1600px) 100vw, 1600px\" \/><\/div>\n\t\t<\/a>\n\t\t\t\t<div class=\"elementor-post__text\">\n\t\t\t\t<h2 class=\"elementor-post__title\">\n\t\t\t<a href=\"https:\/\/mdisitges.com\/en\/huge-number-of-services\/\" >\n\t\t\t\tHuge number of services\t\t\t<\/a>\n\t\t<\/h2>\n\t\t\t\t<div class=\"elementor-post__meta-data\">\n\t\t\t\t\t<span class=\"elementor-post-date\">\n\t\t\tMarch 13, 2017\t\t<\/span>\n\t\t\t\t<\/div>\n\t\t\t\t<div class=\"elementor-post__excerpt\">\n\t\t\t<p>When you need your company to have a new website or if you venture on updating your old webpage with a new look and functionality, the choices are versatile\u2026<\/p>\n\t\t<\/div>\n\t\t\n\t\t<a class=\"elementor-post__read-more\" href=\"https:\/\/mdisitges.com\/en\/huge-number-of-services\/\" aria-label=\"Read more about Huge number of services\" tabindex=\"-1\" >\n\t\t\tRead publication\t\t<\/a>\n\n\t\t\t\t<\/div>\n\t\t\t\t<\/article>\n\t\t\t\t<article class=\"elementor-post elementor-grid-item post-8569 post type-post status-publish format-standard has-post-thumbnail hentry category-office-en tag-furniture-en tag-ideas-en\" role=\"listitem\">\n\t\t\t\t<a class=\"elementor-post__thumbnail__link\" href=\"https:\/\/mdisitges.com\/en\/select-the-correct-service\/\" tabindex=\"-1\" >\n\t\t\t<div class=\"elementor-post__thumbnail\"><img loading=\"lazy\" decoding=\"async\" width=\"1600\" height=\"800\" src=\"https:\/\/mdisitges.com\/wp-content\/uploads\/2017\/04\/post5.jpg\" class=\"attachment-full size-full wp-image-8034\" alt=\"\" srcset=\"https:\/\/mdisitges.com\/wp-content\/uploads\/2017\/04\/post5.jpg 1600w, https:\/\/mdisitges.com\/wp-content\/uploads\/2017\/04\/post5-600x300.jpg 600w, https:\/\/mdisitges.com\/wp-content\/uploads\/2017\/04\/post5-300x150.jpg 300w, https:\/\/mdisitges.com\/wp-content\/uploads\/2017\/04\/post5-1024x512.jpg 1024w, https:\/\/mdisitges.com\/wp-content\/uploads\/2017\/04\/post5-768x384.jpg 768w, https:\/\/mdisitges.com\/wp-content\/uploads\/2017\/04\/post5-1536x768.jpg 1536w, https:\/\/mdisitges.com\/wp-content\/uploads\/2017\/04\/post5-1280x640.jpg 1280w\" sizes=\"(max-width: 1600px) 100vw, 1600px\" \/><\/div>\n\t\t<\/a>\n\t\t\t\t<div class=\"elementor-post__text\">\n\t\t\t\t<h2 class=\"elementor-post__title\">\n\t\t\t<a href=\"https:\/\/mdisitges.com\/en\/select-the-correct-service\/\" >\n\t\t\t\tSelect the correct service\t\t\t<\/a>\n\t\t<\/h2>\n\t\t\t\t<div class=\"elementor-post__meta-data\">\n\t\t\t\t\t<span class=\"elementor-post-date\">\n\t\t\tMarch 10, 2017\t\t<\/span>\n\t\t\t\t<\/div>\n\t\t\t\t<div class=\"elementor-post__excerpt\">\n\t\t\t<p>Futurism is a painting style that revolves around the topics like the technology, speed, violence, and the future of the world. It concerns itself with the depiction of man&#8217;s triumph over&#8230;<\/p>\n\t\t<\/div>\n\t\t\n\t\t<a class=\"elementor-post__read-more\" href=\"https:\/\/mdisitges.com\/en\/select-the-correct-service\/\" aria-label=\"Read more about Select the correct service\" tabindex=\"-1\" >\n\t\t\tRead publication\t\t<\/a>\n\n\t\t\t\t<\/div>\n\t\t\t\t<\/article>\n\t\t\t\t<\/div>\n\t\t\t\t\t<span class=\"e-load-more-spinner\">\n\t\t\t\t<svg aria-hidden=\"true\" class=\"e-font-icon-svg e-fas-circle-notch\" viewBox=\"0 0 512 512\" xmlns=\"http:\/\/www.w3.org\/2000\/svg\"><path d=\"M288 39.056v16.659c0 10.804 7.281 20.159 17.686 23.066C383.204 100.434 440 171.518 440 256c0 101.689-82.295 184-184 184-101.689 0-184-82.295-184-184 0-84.47 56.786-155.564 134.312-177.219C216.719 75.874 224 66.517 224 55.712V39.064c0-15.709-14.834-27.153-30.046-23.234C86.603 43.482 7.394 141.206 8.003 257.332c.72 137.052 111.477 246.956 248.531 246.667C393.255 503.711 504 392.788 504 256c0-115.633-79.14-212.779-186.211-240.236C302.678 11.889 288 23.456 288 39.056z\"><\/path><\/svg>\t\t\t<\/span>\n\t\t\n\t\t\t\t<div class=\"e-load-more-anchor\" data-page=\"1\" data-max-page=\"2\" data-next-page=\"https:\/\/mdisitges.com\/en\/wp-json\/wp\/v2\/pages\/8561\/page\/2\/\"><\/div>\n\t\t\t\t<div class=\"e-load-more-message\">No hay publicaciones m\u00e1s antiguas<\/div>\n\t\t\t\t\t\t<\/div>\n\t\t\t\t<\/div>\n\t\t\t\t\t<\/div>\n\t\t<\/div>\n\t\t\t\t\t<\/div>\n\t\t<\/section>\n\t\t\t\t<\/div>\n\t\t","protected":false},"excerpt":{"rendered":"","protected":false},"author":5,"featured_media":0,"parent":0,"menu_order":0,"comment_status":"closed","ping_status":"closed","template":"","meta":{"inline_featured_image":false,"footnotes":""},"class_list":["post-8561","page","type-page","status-publish","hentry"],"aioseo_notices":[],"_links":{"self":[{"href":"https:\/\/mdisitges.com\/en\/wp-json\/wp\/v2\/pages\/8561","targetHints":{"allow":["GET"]}}],"collection":[{"href":"https:\/\/mdisitges.com\/en\/wp-json\/wp\/v2\/pages"}],"about":[{"href":"https:\/\/mdisitges.com\/en\/wp-json\/wp\/v2\/types\/page"}],"author":[{"embeddable":true,"href":"https:\/\/mdisitges.com\/en\/wp-json\/wp\/v2\/users\/5"}],"replies":[{"embeddable":true,"href":"https:\/\/mdisitges.com\/en\/wp-json\/wp\/v2\/comments?post=8561"}],"version-history":[{"count":3,"href":"https:\/\/mdisitges.com\/en\/wp-json\/wp\/v2\/pages\/8561\/revisions"}],"predecessor-version":[{"id":11681,"href":"https:\/\/mdisitges.com\/en\/wp-json\/wp\/v2\/pages\/8561\/revisions\/11681"}],"wp:attachment":[{"href":"https:\/\/mdisitges.com\/en\/wp-json\/wp\/v2\/media?parent=8561"}],"curies":[{"name":"wp","href":"https:\/\/api.w.org\/{rel}","templated":true}]}}