{"id":11749,"date":"2025-06-05T16:49:25","date_gmt":"2025-06-05T16:49:25","guid":{"rendered":"https:\/\/mdisitges.com\/producto\/sofa-3-plazas-chipre\/"},"modified":"2025-06-05T16:49:25","modified_gmt":"2025-06-05T16:49:25","slug":"sofa-3-plazas-chipre","status":"publish","type":"product","link":"https:\/\/mdisitges.com\/en\/producto\/sofa-3-plazas-chipre\/","title":{"rendered":"Sof\u00e1 3 plazas Chipre"},"content":{"rendered":"<p>Sof\u00e1 3 plazas de la colecci\u00f3n Chipre en aluminio color taupe.<\/p>\n","protected":false},"excerpt":{"rendered":"<p>Sof\u00e1 3 plazas de la colecci\u00f3n Chipre en aluminio color taupe.<\/p>\n","protected":false},"featured_media":11602,"template":"","meta":{"inline_featured_image":false},"product_brand":[165],"product_cat":[181,182],"product_tag":[],"class_list":{"0":"post-11749","1":"product","2":"type-product","3":"status-publish","4":"has-post-thumbnail","6":"product_brand-arkimueble","7":"product_cat-outdoor-furniture","8":"product_cat-sofas-en","10":"first","11":"instock","12":"taxable","13":"shipping-taxable","14":"purchasable","15":"product-type-simple"},"aioseo_notices":[],"_links":{"self":[{"href":"https:\/\/mdisitges.com\/en\/wp-json\/wp\/v2\/product\/11749","targetHints":{"allow":["GET"]}}],"collection":[{"href":"https:\/\/mdisitges.com\/en\/wp-json\/wp\/v2\/product"}],"about":[{"href":"https:\/\/mdisitges.com\/en\/wp-json\/wp\/v2\/types\/product"}],"wp:featuredmedia":[{"embeddable":true,"href":"https:\/\/mdisitges.com\/en\/wp-json\/wp\/v2\/media\/11602"}],"wp:attachment":[{"href":"https:\/\/mdisitges.com\/en\/wp-json\/wp\/v2\/media?parent=11749"}],"wp:term":[{"taxonomy":"product_brand","embeddable":true,"href":"https:\/\/mdisitges.com\/en\/wp-json\/wp\/v2\/product_brand?post=11749"},{"taxonomy":"product_cat","embeddable":true,"href":"https:\/\/mdisitges.com\/en\/wp-json\/wp\/v2\/product_cat?post=11749"},{"taxonomy":"product_tag","embeddable":true,"href":"https:\/\/mdisitges.com\/en\/wp-json\/wp\/v2\/product_tag?post=11749"}],"curies":[{"name":"wp","href":"https:\/\/api.w.org\/{rel}","templated":true}]}}