{"id":11751,"date":"2025-04-11T16:20:56","date_gmt":"2025-04-11T16:20:56","guid":{"rendered":"https:\/\/mdisitges.com\/producto\/toti\/"},"modified":"2025-04-11T16:20:56","modified_gmt":"2025-04-11T16:20:56","slug":"toti","status":"publish","type":"product","link":"https:\/\/mdisitges.com\/en\/producto\/toti\/","title":{"rendered":"Toti"},"content":{"rendered":"<p>La cama nido Toti es la pieza perfecta para para los dormitorios de vuestros peque\u00f1os o dormitorios auxiliares y espacios polivalentes. Toda la cama est\u00e1 revestira de acolchado, el somier inferior viene con ruedas de arrastre y se nivela a la misma altura que la cama superior. El colch\u00f3n de la cama inferior no puede superar los 21 cm de altura. Disponible en diferentes medidas y opci\u00f3n de escoger el tapizado. El precio de la cama es para colch\u00f3n de 90 x 190 cm (colchones no incluidos)<\/p>\n","protected":false},"excerpt":{"rendered":"<p>La cama nido Toti es la pieza perfecta para para los dormitorios de vuestros peque\u00f1os o dormitorios auxiliares y espacios polivalentes. Toda la cama est\u00e1 revestira de acolchado, el somier inferior viene con ruedas de arrastre y se nivela a la misma altura que la cama superior. El colch\u00f3n de la cama inferior no puede [&hellip;]<\/p>\n","protected":false},"featured_media":11534,"template":"","meta":{"inline_featured_image":false},"product_brand":[164],"product_cat":[183,184],"product_tag":[],"class_list":{"0":"post-11751","1":"product","2":"type-product","3":"status-publish","4":"has-post-thumbnail","6":"product_brand-jjp","7":"product_cat-beds","8":"product_cat-indoor-furniture","10":"first","11":"instock","12":"taxable","13":"shipping-taxable","14":"purchasable","15":"product-type-simple"},"aioseo_notices":[],"_links":{"self":[{"href":"https:\/\/mdisitges.com\/en\/wp-json\/wp\/v2\/product\/11751","targetHints":{"allow":["GET"]}}],"collection":[{"href":"https:\/\/mdisitges.com\/en\/wp-json\/wp\/v2\/product"}],"about":[{"href":"https:\/\/mdisitges.com\/en\/wp-json\/wp\/v2\/types\/product"}],"wp:featuredmedia":[{"embeddable":true,"href":"https:\/\/mdisitges.com\/en\/wp-json\/wp\/v2\/media\/11534"}],"wp:attachment":[{"href":"https:\/\/mdisitges.com\/en\/wp-json\/wp\/v2\/media?parent=11751"}],"wp:term":[{"taxonomy":"product_brand","embeddable":true,"href":"https:\/\/mdisitges.com\/en\/wp-json\/wp\/v2\/product_brand?post=11751"},{"taxonomy":"product_cat","embeddable":true,"href":"https:\/\/mdisitges.com\/en\/wp-json\/wp\/v2\/product_cat?post=11751"},{"taxonomy":"product_tag","embeddable":true,"href":"https:\/\/mdisitges.com\/en\/wp-json\/wp\/v2\/product_tag?post=11751"}],"curies":[{"name":"wp","href":"https:\/\/api.w.org\/{rel}","templated":true}]}}