{"id":11752,"date":"2025-04-11T16:09:12","date_gmt":"2025-04-11T16:09:12","guid":{"rendered":"https:\/\/mdisitges.com\/producto\/itaca\/"},"modified":"2025-04-11T16:09:12","modified_gmt":"2025-04-11T16:09:12","slug":"itaca","status":"publish","type":"product","link":"https:\/\/mdisitges.com\/en\/producto\/itaca\/","title":{"rendered":"Itaca"},"content":{"rendered":"<p>La cama Itaca con un equilibrio perfecto entre dise\u00f1o y funcionalidad es una pieza que aportar\u00e1 personalidad a tu dormitorio. Hay la posibilidad de realizarla con ba\u00f1era, con canap\u00e9 y con canap\u00e9 con patas altas. Disponible tambi\u00e9n en varias medidas y tapizados. El precio de la cama es sin canap\u00e9 y con patas altas para colch\u00f3n de 150 x 200 cm (colch\u00f3n no incluido).<\/p>\n","protected":false},"excerpt":{"rendered":"<p>La cama Itaca con un equilibrio perfecto entre dise\u00f1o y funcionalidad es una pieza que aportar\u00e1 personalidad a tu dormitorio. Hay la posibilidad de realizarla con ba\u00f1era, con canap\u00e9 y con canap\u00e9 con patas altas. Disponible tambi\u00e9n en varias medidas y tapizados. El precio de la cama es sin canap\u00e9 y con patas altas para [&hellip;]<\/p>\n","protected":false},"featured_media":11521,"template":"","meta":{"inline_featured_image":false},"product_brand":[164],"product_cat":[183,184],"product_tag":[],"class_list":{"0":"post-11752","1":"product","2":"type-product","3":"status-publish","4":"has-post-thumbnail","6":"product_brand-jjp","7":"product_cat-beds","8":"product_cat-indoor-furniture","10":"first","11":"instock","12":"taxable","13":"shipping-taxable","14":"purchasable","15":"product-type-simple"},"aioseo_notices":[],"_links":{"self":[{"href":"https:\/\/mdisitges.com\/en\/wp-json\/wp\/v2\/product\/11752","targetHints":{"allow":["GET"]}}],"collection":[{"href":"https:\/\/mdisitges.com\/en\/wp-json\/wp\/v2\/product"}],"about":[{"href":"https:\/\/mdisitges.com\/en\/wp-json\/wp\/v2\/types\/product"}],"wp:featuredmedia":[{"embeddable":true,"href":"https:\/\/mdisitges.com\/en\/wp-json\/wp\/v2\/media\/11521"}],"wp:attachment":[{"href":"https:\/\/mdisitges.com\/en\/wp-json\/wp\/v2\/media?parent=11752"}],"wp:term":[{"taxonomy":"product_brand","embeddable":true,"href":"https:\/\/mdisitges.com\/en\/wp-json\/wp\/v2\/product_brand?post=11752"},{"taxonomy":"product_cat","embeddable":true,"href":"https:\/\/mdisitges.com\/en\/wp-json\/wp\/v2\/product_cat?post=11752"},{"taxonomy":"product_tag","embeddable":true,"href":"https:\/\/mdisitges.com\/en\/wp-json\/wp\/v2\/product_tag?post=11752"}],"curies":[{"name":"wp","href":"https:\/\/api.w.org\/{rel}","templated":true}]}}