{"id":11754,"date":"2025-04-11T15:58:29","date_gmt":"2025-04-11T15:58:29","guid":{"rendered":"https:\/\/mdisitges.com\/producto\/flow-44\/"},"modified":"2025-04-11T15:58:29","modified_gmt":"2025-04-11T15:58:29","slug":"flow-44","status":"publish","type":"product","link":"https:\/\/mdisitges.com\/en\/producto\/flow-44\/","title":{"rendered":"Flow 44"},"content":{"rendered":"<p>La absoluta protagonista de este dormitorio es la litera. Con un dise\u00f1o minimalista y una est\u00e9tica rompedora crea un espacio para los peque\u00f1os de la casa donde pueden descansar, crear, so\u00f1ar y compartir momentos \u00fanicos. Para adaptar medidas, cambiar colores y acabados o modificar la composici\u00f3n ponerse en contacto con nosotros.<\/p>\n<p>La composici\u00f3n est\u00e1 formada por litera, escalera, librer\u00eda y escritorio. (colchones no incluidos)<\/p>\n","protected":false},"excerpt":{"rendered":"<p>La absoluta protagonista de este dormitorio es la litera. Con un dise\u00f1o minimalista y una est\u00e9tica rompedora crea un espacio para los peque\u00f1os de la casa donde pueden descansar, crear, so\u00f1ar y compartir momentos \u00fanicos. Para adaptar medidas, cambiar colores y acabados o modificar la composici\u00f3n ponerse en contacto con nosotros. La composici\u00f3n est\u00e1 formada [&hellip;]<\/p>\n","protected":false},"featured_media":11511,"template":"","meta":{"inline_featured_image":false},"product_brand":[164],"product_cat":[183,184],"product_tag":[],"class_list":{"0":"post-11754","1":"product","2":"type-product","3":"status-publish","4":"has-post-thumbnail","6":"product_brand-jjp","7":"product_cat-beds","8":"product_cat-indoor-furniture","10":"first","11":"instock","12":"taxable","13":"shipping-taxable","14":"purchasable","15":"product-type-simple"},"aioseo_notices":[],"_links":{"self":[{"href":"https:\/\/mdisitges.com\/en\/wp-json\/wp\/v2\/product\/11754","targetHints":{"allow":["GET"]}}],"collection":[{"href":"https:\/\/mdisitges.com\/en\/wp-json\/wp\/v2\/product"}],"about":[{"href":"https:\/\/mdisitges.com\/en\/wp-json\/wp\/v2\/types\/product"}],"wp:featuredmedia":[{"embeddable":true,"href":"https:\/\/mdisitges.com\/en\/wp-json\/wp\/v2\/media\/11511"}],"wp:attachment":[{"href":"https:\/\/mdisitges.com\/en\/wp-json\/wp\/v2\/media?parent=11754"}],"wp:term":[{"taxonomy":"product_brand","embeddable":true,"href":"https:\/\/mdisitges.com\/en\/wp-json\/wp\/v2\/product_brand?post=11754"},{"taxonomy":"product_cat","embeddable":true,"href":"https:\/\/mdisitges.com\/en\/wp-json\/wp\/v2\/product_cat?post=11754"},{"taxonomy":"product_tag","embeddable":true,"href":"https:\/\/mdisitges.com\/en\/wp-json\/wp\/v2\/product_tag?post=11754"}],"curies":[{"name":"wp","href":"https:\/\/api.w.org\/{rel}","templated":true}]}}