{"id":11755,"date":"2025-04-11T15:50:51","date_gmt":"2025-04-11T15:50:51","guid":{"rendered":"https:\/\/mdisitges.com\/producto\/flow-10\/"},"modified":"2025-04-11T15:50:51","modified_gmt":"2025-04-11T15:50:51","slug":"flow-10","status":"publish","type":"product","link":"https:\/\/mdisitges.com\/en\/producto\/flow-10\/","title":{"rendered":"Flow 10"},"content":{"rendered":"<p>Dicen que en la variedad est\u00e1 el gusto, y este es un ejemplo de algunas de las opciones que te ofrecemos para que tu dormitorio juvenil est\u00e9 a tu gusto. Los estantes de la zona de trabajo son tan diferentes y variados como lo puede ser tu imaginaci\u00f3n. Para adaptar medidas, cambiar colores y acabados o modificar la composici\u00f3n ponerse en contacto con nosotros.<\/p>\n<p>Composici\u00f3n formada por cubo bajo sin z\u00f3calo, cubo alto, arrimadero grueso 3 cm, escritorio y estantes a pared.<\/p>\n","protected":false},"excerpt":{"rendered":"<p>Dicen que en la variedad est\u00e1 el gusto, y este es un ejemplo de algunas de las opciones que te ofrecemos para que tu dormitorio juvenil est\u00e9 a tu gusto. Los estantes de la zona de trabajo son tan diferentes y variados como lo puede ser tu imaginaci\u00f3n. Para adaptar medidas, cambiar colores y acabados [&hellip;]<\/p>\n","protected":false},"featured_media":11506,"template":"","meta":{"inline_featured_image":false},"product_brand":[164],"product_cat":[183,184],"product_tag":[],"class_list":{"0":"post-11755","1":"product","2":"type-product","3":"status-publish","4":"has-post-thumbnail","6":"product_brand-jjp","7":"product_cat-beds","8":"product_cat-indoor-furniture","10":"first","11":"instock","12":"taxable","13":"shipping-taxable","14":"purchasable","15":"product-type-simple"},"aioseo_notices":[],"_links":{"self":[{"href":"https:\/\/mdisitges.com\/en\/wp-json\/wp\/v2\/product\/11755","targetHints":{"allow":["GET"]}}],"collection":[{"href":"https:\/\/mdisitges.com\/en\/wp-json\/wp\/v2\/product"}],"about":[{"href":"https:\/\/mdisitges.com\/en\/wp-json\/wp\/v2\/types\/product"}],"wp:featuredmedia":[{"embeddable":true,"href":"https:\/\/mdisitges.com\/en\/wp-json\/wp\/v2\/media\/11506"}],"wp:attachment":[{"href":"https:\/\/mdisitges.com\/en\/wp-json\/wp\/v2\/media?parent=11755"}],"wp:term":[{"taxonomy":"product_brand","embeddable":true,"href":"https:\/\/mdisitges.com\/en\/wp-json\/wp\/v2\/product_brand?post=11755"},{"taxonomy":"product_cat","embeddable":true,"href":"https:\/\/mdisitges.com\/en\/wp-json\/wp\/v2\/product_cat?post=11755"},{"taxonomy":"product_tag","embeddable":true,"href":"https:\/\/mdisitges.com\/en\/wp-json\/wp\/v2\/product_tag?post=11755"}],"curies":[{"name":"wp","href":"https:\/\/api.w.org\/{rel}","templated":true}]}}