{"id":11756,"date":"2025-04-11T15:39:40","date_gmt":"2025-04-11T15:39:40","guid":{"rendered":"https:\/\/mdisitges.com\/producto\/flow-2\/"},"modified":"2025-04-11T15:39:40","modified_gmt":"2025-04-11T15:39:40","slug":"flow-2","status":"publish","type":"product","link":"https:\/\/mdisitges.com\/en\/producto\/flow-2\/","title":{"rendered":"Flow 2"},"content":{"rendered":"<p>El sistema de cubos modulares se adapta a tus necesidades.<br \/>\nEs posible que la cama con arrastre sea lo que necesitas cuando vienen visitas, pero quiz\u00e1s te interese m\u00e1s usar este espacio para guardar la ropa de cama, los juguetes o las zapatillas. \u00a1T\u00fa eliges! Para adaptar medidas, cambiar colores y acabados o modificar la composici\u00f3n ponerse en contacto con nosotros.<\/p>\n<p>La composici\u00f3n est\u00e1 formada por cubos bajos sin z\u00f3calo, cama nido con arrastre, protector de listones, estante con LED, armario, m\u00f3dulo con huecos y escritorio.<\/p>\n","protected":false},"excerpt":{"rendered":"<p>El sistema de cubos modulares se adapta a tus necesidades. Es posible que la cama con arrastre sea lo que necesitas cuando vienen visitas, pero quiz\u00e1s te interese m\u00e1s usar este espacio para guardar la ropa de cama, los juguetes o las zapatillas. \u00a1T\u00fa eliges! Para adaptar medidas, cambiar colores y acabados o modificar la [&hellip;]<\/p>\n","protected":false},"featured_media":11489,"template":"","meta":{"inline_featured_image":false},"product_brand":[164],"product_cat":[183,184],"product_tag":[],"class_list":{"0":"post-11756","1":"product","2":"type-product","3":"status-publish","4":"has-post-thumbnail","6":"product_brand-jjp","7":"product_cat-beds","8":"product_cat-indoor-furniture","10":"first","11":"instock","12":"taxable","13":"shipping-taxable","14":"purchasable","15":"product-type-simple"},"aioseo_notices":[],"_links":{"self":[{"href":"https:\/\/mdisitges.com\/en\/wp-json\/wp\/v2\/product\/11756","targetHints":{"allow":["GET"]}}],"collection":[{"href":"https:\/\/mdisitges.com\/en\/wp-json\/wp\/v2\/product"}],"about":[{"href":"https:\/\/mdisitges.com\/en\/wp-json\/wp\/v2\/types\/product"}],"wp:featuredmedia":[{"embeddable":true,"href":"https:\/\/mdisitges.com\/en\/wp-json\/wp\/v2\/media\/11489"}],"wp:attachment":[{"href":"https:\/\/mdisitges.com\/en\/wp-json\/wp\/v2\/media?parent=11756"}],"wp:term":[{"taxonomy":"product_brand","embeddable":true,"href":"https:\/\/mdisitges.com\/en\/wp-json\/wp\/v2\/product_brand?post=11756"},{"taxonomy":"product_cat","embeddable":true,"href":"https:\/\/mdisitges.com\/en\/wp-json\/wp\/v2\/product_cat?post=11756"},{"taxonomy":"product_tag","embeddable":true,"href":"https:\/\/mdisitges.com\/en\/wp-json\/wp\/v2\/product_tag?post=11756"}],"curies":[{"name":"wp","href":"https:\/\/api.w.org\/{rel}","templated":true}]}}