{"id":11757,"date":"2025-04-11T15:26:55","date_gmt":"2025-04-11T15:26:55","guid":{"rendered":"https:\/\/mdisitges.com\/producto\/flow1\/"},"modified":"2025-04-11T15:26:55","modified_gmt":"2025-04-11T15:26:55","slug":"flow1","status":"publish","type":"product","link":"https:\/\/mdisitges.com\/en\/producto\/flow1\/","title":{"rendered":"Flow 1"},"content":{"rendered":"<p>Con los elementos adecuados, un dormitorio juvenil puede usarse desde la infancia hasta bien entrada la adolescencia.<br \/>\nEl secreto est\u00e1 en adaptar el dormitorio a cada etapa. Accesorios como la barrera de seguridad o el uso de cajones para guardar los juguetes al principio o el monopat\u00edn m\u00e1s adelante, ser\u00e1n de gran ayuda. Para adaptar medidas, cambiar colores y acabados o modificar la composici\u00f3n ponerse en contacto con nosotros.<\/p>\n<p>La composici\u00f3n incluye cama nido con arrastre, arc\u00f3n rinc\u00f3n, cubos bajos sin z\u00f3calo, protector met\u00e1lico UP, cabezal con LED, estanter\u00eda y escritorio. (colch\u00f3n no incluido)<\/p>\n","protected":false},"excerpt":{"rendered":"<p>Con los elementos adecuados, un dormitorio juvenil puede usarse desde la infancia hasta bien entrada la adolescencia. El secreto est\u00e1 en adaptar el dormitorio a cada etapa. Accesorios como la barrera de seguridad o el uso de cajones para guardar los juguetes al principio o el monopat\u00edn m\u00e1s adelante, ser\u00e1n de gran ayuda. Para adaptar [&hellip;]<\/p>\n","protected":false},"featured_media":11478,"template":"","meta":{"inline_featured_image":false},"product_brand":[164],"product_cat":[183,184],"product_tag":[],"class_list":{"0":"post-11757","1":"product","2":"type-product","3":"status-publish","4":"has-post-thumbnail","6":"product_brand-jjp","7":"product_cat-beds","8":"product_cat-indoor-furniture","10":"first","11":"instock","12":"taxable","13":"shipping-taxable","14":"purchasable","15":"product-type-simple"},"aioseo_notices":[],"_links":{"self":[{"href":"https:\/\/mdisitges.com\/en\/wp-json\/wp\/v2\/product\/11757","targetHints":{"allow":["GET"]}}],"collection":[{"href":"https:\/\/mdisitges.com\/en\/wp-json\/wp\/v2\/product"}],"about":[{"href":"https:\/\/mdisitges.com\/en\/wp-json\/wp\/v2\/types\/product"}],"wp:featuredmedia":[{"embeddable":true,"href":"https:\/\/mdisitges.com\/en\/wp-json\/wp\/v2\/media\/11478"}],"wp:attachment":[{"href":"https:\/\/mdisitges.com\/en\/wp-json\/wp\/v2\/media?parent=11757"}],"wp:term":[{"taxonomy":"product_brand","embeddable":true,"href":"https:\/\/mdisitges.com\/en\/wp-json\/wp\/v2\/product_brand?post=11757"},{"taxonomy":"product_cat","embeddable":true,"href":"https:\/\/mdisitges.com\/en\/wp-json\/wp\/v2\/product_cat?post=11757"},{"taxonomy":"product_tag","embeddable":true,"href":"https:\/\/mdisitges.com\/en\/wp-json\/wp\/v2\/product_tag?post=11757"}],"curies":[{"name":"wp","href":"https:\/\/api.w.org\/{rel}","templated":true}]}}