{"id":11768,"date":"2025-04-02T16:21:11","date_gmt":"2025-04-02T16:21:11","guid":{"rendered":"https:\/\/mdisitges.com\/producto\/velos\/"},"modified":"2025-04-02T16:21:11","modified_gmt":"2025-04-02T16:21:11","slug":"velos","status":"publish","type":"product","link":"https:\/\/mdisitges.com\/en\/producto\/velos\/","title":{"rendered":"Velos"},"content":{"rendered":"<p>Sobremesa formada por una l\u00e1mina de metacrilato microimpreso moldeado y perfil met\u00e1lico cromo. Iluminaci\u00f3n LED 10 W, 600lm, 3.000K y dimable.<\/p>\n","protected":false},"excerpt":{"rendered":"<p>Sobremesa formada por una l\u00e1mina de metacrilato microimpreso moldeado y perfil met\u00e1lico cromo. Iluminaci\u00f3n LED 10 W, 600lm, 3.000K y dimable.<\/p>\n","protected":false},"featured_media":11383,"template":"","meta":{"inline_featured_image":false},"product_brand":[143],"product_cat":[188,186],"product_tag":[],"class_list":{"0":"post-11768","1":"product","2":"type-product","3":"status-publish","4":"has-post-thumbnail","6":"product_brand-schuller","7":"product_cat-desktop","8":"product_cat-lighting","10":"first","11":"instock","12":"taxable","13":"shipping-taxable","14":"purchasable","15":"product-type-simple"},"aioseo_notices":[],"_links":{"self":[{"href":"https:\/\/mdisitges.com\/en\/wp-json\/wp\/v2\/product\/11768","targetHints":{"allow":["GET"]}}],"collection":[{"href":"https:\/\/mdisitges.com\/en\/wp-json\/wp\/v2\/product"}],"about":[{"href":"https:\/\/mdisitges.com\/en\/wp-json\/wp\/v2\/types\/product"}],"wp:featuredmedia":[{"embeddable":true,"href":"https:\/\/mdisitges.com\/en\/wp-json\/wp\/v2\/media\/11383"}],"wp:attachment":[{"href":"https:\/\/mdisitges.com\/en\/wp-json\/wp\/v2\/media?parent=11768"}],"wp:term":[{"taxonomy":"product_brand","embeddable":true,"href":"https:\/\/mdisitges.com\/en\/wp-json\/wp\/v2\/product_brand?post=11768"},{"taxonomy":"product_cat","embeddable":true,"href":"https:\/\/mdisitges.com\/en\/wp-json\/wp\/v2\/product_cat?post=11768"},{"taxonomy":"product_tag","embeddable":true,"href":"https:\/\/mdisitges.com\/en\/wp-json\/wp\/v2\/product_tag?post=11768"}],"curies":[{"name":"wp","href":"https:\/\/api.w.org\/{rel}","templated":true}]}}