{"id":11780,"date":"2025-04-02T09:23:23","date_gmt":"2025-04-02T09:23:23","guid":{"rendered":"https:\/\/mdisitges.com\/producto\/dark\/"},"modified":"2025-04-02T09:23:23","modified_gmt":"2025-04-02T09:23:23","slug":"dark","status":"publish","type":"product","link":"https:\/\/mdisitges.com\/en\/producto\/dark\/","title":{"rendered":"Dark"},"content":{"rendered":"<p>L\u00e1mpara de 5 luces realizada en metal acabado negro mate, con detalles de lat\u00f3n satinado. Tulipas de cristal esf\u00e9ricas de 12 y 20 cm, en acabado ambar y gris smoke espejado.<\/p>\n","protected":false},"excerpt":{"rendered":"<p>L\u00e1mpara de 5 luces realizada en metal acabado negro mate, con detalles de lat\u00f3n satinado. Tulipas de cristal esf\u00e9ricas de 12 y 20 cm, en acabado ambar y gris smoke espejado.<\/p>\n","protected":false},"featured_media":11280,"template":"","meta":{"inline_featured_image":false},"product_brand":[143],"product_cat":[186,190],"product_tag":[],"class_list":{"0":"post-11780","1":"product","2":"type-product","3":"status-publish","4":"has-post-thumbnail","6":"product_brand-schuller","7":"product_cat-lighting","8":"product_cat-roof","10":"first","11":"instock","12":"taxable","13":"shipping-taxable","14":"purchasable","15":"product-type-simple"},"aioseo_notices":[],"_links":{"self":[{"href":"https:\/\/mdisitges.com\/en\/wp-json\/wp\/v2\/product\/11780","targetHints":{"allow":["GET"]}}],"collection":[{"href":"https:\/\/mdisitges.com\/en\/wp-json\/wp\/v2\/product"}],"about":[{"href":"https:\/\/mdisitges.com\/en\/wp-json\/wp\/v2\/types\/product"}],"wp:featuredmedia":[{"embeddable":true,"href":"https:\/\/mdisitges.com\/en\/wp-json\/wp\/v2\/media\/11280"}],"wp:attachment":[{"href":"https:\/\/mdisitges.com\/en\/wp-json\/wp\/v2\/media?parent=11780"}],"wp:term":[{"taxonomy":"product_brand","embeddable":true,"href":"https:\/\/mdisitges.com\/en\/wp-json\/wp\/v2\/product_brand?post=11780"},{"taxonomy":"product_cat","embeddable":true,"href":"https:\/\/mdisitges.com\/en\/wp-json\/wp\/v2\/product_cat?post=11780"},{"taxonomy":"product_tag","embeddable":true,"href":"https:\/\/mdisitges.com\/en\/wp-json\/wp\/v2\/product_tag?post=11780"}],"curies":[{"name":"wp","href":"https:\/\/api.w.org\/{rel}","templated":true}]}}