{"id":11785,"date":"2025-04-01T16:04:11","date_gmt":"2025-04-01T16:04:11","guid":{"rendered":"https:\/\/mdisitges.com\/producto\/maui\/"},"modified":"2025-04-01T16:04:11","modified_gmt":"2025-04-01T16:04:11","slug":"maui","status":"publish","type":"product","link":"https:\/\/mdisitges.com\/en\/producto\/maui\/","title":{"rendered":"Maui"},"content":{"rendered":"<p>L\u00e1mpara grande de 1 luz realizada en metal acabado negro, con pantalla de cuerdas de seagrass trenzado en acabado natural. Medidas de 80 cm de di\u00e1metro con una altura regulable de 50 cm como m\u00ednimo y 225 cm como m\u00e1ximo.<\/p>\n","protected":false},"excerpt":{"rendered":"<p>L\u00e1mpara grande de 1 luz realizada en metal acabado negro, con pantalla de cuerdas de seagrass trenzado en acabado natural. Medidas de 80 cm de di\u00e1metro con una altura regulable de 50 cm como m\u00ednimo y 225 cm como m\u00e1ximo.<\/p>\n","protected":false},"featured_media":11231,"template":"","meta":{"inline_featured_image":false},"product_brand":[143],"product_cat":[186,190],"product_tag":[],"class_list":{"0":"post-11785","1":"product","2":"type-product","3":"status-publish","4":"has-post-thumbnail","6":"product_brand-schuller","7":"product_cat-lighting","8":"product_cat-roof","10":"first","11":"instock","12":"taxable","13":"shipping-taxable","14":"purchasable","15":"product-type-simple"},"aioseo_notices":[],"_links":{"self":[{"href":"https:\/\/mdisitges.com\/en\/wp-json\/wp\/v2\/product\/11785","targetHints":{"allow":["GET"]}}],"collection":[{"href":"https:\/\/mdisitges.com\/en\/wp-json\/wp\/v2\/product"}],"about":[{"href":"https:\/\/mdisitges.com\/en\/wp-json\/wp\/v2\/types\/product"}],"wp:featuredmedia":[{"embeddable":true,"href":"https:\/\/mdisitges.com\/en\/wp-json\/wp\/v2\/media\/11231"}],"wp:attachment":[{"href":"https:\/\/mdisitges.com\/en\/wp-json\/wp\/v2\/media?parent=11785"}],"wp:term":[{"taxonomy":"product_brand","embeddable":true,"href":"https:\/\/mdisitges.com\/en\/wp-json\/wp\/v2\/product_brand?post=11785"},{"taxonomy":"product_cat","embeddable":true,"href":"https:\/\/mdisitges.com\/en\/wp-json\/wp\/v2\/product_cat?post=11785"},{"taxonomy":"product_tag","embeddable":true,"href":"https:\/\/mdisitges.com\/en\/wp-json\/wp\/v2\/product_tag?post=11785"}],"curies":[{"name":"wp","href":"https:\/\/api.w.org\/{rel}","templated":true}]}}