{"id":11792,"date":"2025-03-12T17:02:18","date_gmt":"2025-03-12T17:02:18","guid":{"rendered":"https:\/\/mdisitges.com\/producto\/recibidor-id32\/"},"modified":"2025-03-12T17:02:18","modified_gmt":"2025-03-12T17:02:18","slug":"recibidor-id32","status":"publish","type":"product","link":"https:\/\/mdisitges.com\/en\/producto\/recibidor-id32\/","title":{"rendered":"Recibidor ID32"},"content":{"rendered":"<p>Recibidor con dos cajones con u\u00f1ero y dos puertas abatibles. Acabados de la foto: lacado Vis\u00f3n mate, lacado Grafito mate y Marqueter\u00eda en Nogal Americano. Pata met\u00e1lica cil\u00edndrica en acabado Teide.<\/p>\n","protected":false},"excerpt":{"rendered":"<p>Recibidor con dos cajones con u\u00f1ero y dos puertas abatibles. Acabados de la foto: lacado Vis\u00f3n mate, lacado Grafito mate y Marqueter\u00eda en Nogal Americano. Pata met\u00e1lica cil\u00edndrica en acabado Teide.<\/p>\n","protected":false},"featured_media":10418,"template":"","meta":{"inline_featured_image":false},"product_brand":[140],"product_cat":[192,184],"product_tag":[],"class_list":{"0":"post-11792","1":"product","2":"type-product","3":"status-publish","4":"has-post-thumbnail","6":"product_brand-bo-cubi","7":"product_cat-hallways-and-consoles","8":"product_cat-indoor-furniture","10":"first","11":"instock","12":"taxable","13":"shipping-taxable","14":"purchasable","15":"product-type-simple"},"aioseo_notices":[],"_links":{"self":[{"href":"https:\/\/mdisitges.com\/en\/wp-json\/wp\/v2\/product\/11792","targetHints":{"allow":["GET"]}}],"collection":[{"href":"https:\/\/mdisitges.com\/en\/wp-json\/wp\/v2\/product"}],"about":[{"href":"https:\/\/mdisitges.com\/en\/wp-json\/wp\/v2\/types\/product"}],"wp:featuredmedia":[{"embeddable":true,"href":"https:\/\/mdisitges.com\/en\/wp-json\/wp\/v2\/media\/10418"}],"wp:attachment":[{"href":"https:\/\/mdisitges.com\/en\/wp-json\/wp\/v2\/media?parent=11792"}],"wp:term":[{"taxonomy":"product_brand","embeddable":true,"href":"https:\/\/mdisitges.com\/en\/wp-json\/wp\/v2\/product_brand?post=11792"},{"taxonomy":"product_cat","embeddable":true,"href":"https:\/\/mdisitges.com\/en\/wp-json\/wp\/v2\/product_cat?post=11792"},{"taxonomy":"product_tag","embeddable":true,"href":"https:\/\/mdisitges.com\/en\/wp-json\/wp\/v2\/product_tag?post=11792"}],"curies":[{"name":"wp","href":"https:\/\/api.w.org\/{rel}","templated":true}]}}