{"id":11799,"date":"2025-03-12T17:02:17","date_gmt":"2025-03-12T17:02:17","guid":{"rendered":"https:\/\/mdisitges.com\/producto\/mueble-tv-pryssac\/"},"modified":"2025-03-12T17:02:17","modified_gmt":"2025-03-12T17:02:17","slug":"mueble-tv-pryssac","status":"publish","type":"product","link":"https:\/\/mdisitges.com\/en\/producto\/mueble-tv-pryssac\/","title":{"rendered":"Mueble TV Pryssac"},"content":{"rendered":"<p>Mueble TV en color crema de estilo art deco, fabricado en madera de roble. Fabricaci\u00f3n artesanal. Entendemos que pueden haber peque\u00f1as variaciones de tonalidad, tama\u00f1o, forma o ciertas imperfecciones como un valor a\u00f1adido que lo convierten en pieza \u00fanica.<\/p>\n","protected":false},"excerpt":{"rendered":"<p>Mueble TV en color crema de estilo art deco, fabricado en madera de roble. Fabricaci\u00f3n artesanal. Entendemos que pueden haber peque\u00f1as variaciones de tonalidad, tama\u00f1o, forma o ciertas imperfecciones como un valor a\u00f1adido que lo convierten en pieza \u00fanica.<\/p>\n","protected":false},"featured_media":10376,"template":"","meta":{"inline_featured_image":false},"product_brand":[139],"product_cat":[184,191],"product_tag":[],"class_list":{"0":"post-11799","1":"product","2":"type-product","3":"status-publish","4":"has-post-thumbnail","6":"product_brand-vical-home","7":"product_cat-indoor-furniture","8":"product_cat-tv-stands","10":"first","11":"instock","12":"taxable","13":"shipping-taxable","14":"purchasable","15":"product-type-simple"},"aioseo_notices":[],"_links":{"self":[{"href":"https:\/\/mdisitges.com\/en\/wp-json\/wp\/v2\/product\/11799","targetHints":{"allow":["GET"]}}],"collection":[{"href":"https:\/\/mdisitges.com\/en\/wp-json\/wp\/v2\/product"}],"about":[{"href":"https:\/\/mdisitges.com\/en\/wp-json\/wp\/v2\/types\/product"}],"wp:featuredmedia":[{"embeddable":true,"href":"https:\/\/mdisitges.com\/en\/wp-json\/wp\/v2\/media\/10376"}],"wp:attachment":[{"href":"https:\/\/mdisitges.com\/en\/wp-json\/wp\/v2\/media?parent=11799"}],"wp:term":[{"taxonomy":"product_brand","embeddable":true,"href":"https:\/\/mdisitges.com\/en\/wp-json\/wp\/v2\/product_brand?post=11799"},{"taxonomy":"product_cat","embeddable":true,"href":"https:\/\/mdisitges.com\/en\/wp-json\/wp\/v2\/product_cat?post=11799"},{"taxonomy":"product_tag","embeddable":true,"href":"https:\/\/mdisitges.com\/en\/wp-json\/wp\/v2\/product_tag?post=11799"}],"curies":[{"name":"wp","href":"https:\/\/api.w.org\/{rel}","templated":true}]}}