{"id":11803,"date":"2025-03-12T17:02:17","date_gmt":"2025-03-12T17:02:17","guid":{"rendered":"https:\/\/mdisitges.com\/producto\/aparador-bocksberg\/"},"modified":"2025-03-12T17:02:17","modified_gmt":"2025-03-12T17:02:17","slug":"aparador-bocksberg","status":"publish","type":"product","link":"https:\/\/mdisitges.com\/en\/producto\/aparador-bocksberg\/","title":{"rendered":"Aparador Bocksberg"},"content":{"rendered":"<p>El Buffet Laugna redefine la elegancia con sus patas en forma de esfera. Fabricado con madera de mango de alta calidad en un acabado natural, ofrece un dise\u00f1o \u00fanico y sofisticado. El detalle distintivo de las patas esf\u00e9ricas aporta un toque art\u00edstico que lo distingue. Fabricaci\u00f3n artesanal. Entendemos que pueden haber peque\u00f1as variaciones de tonalidad, tama\u00f1o, forma o ciertas imperfecciones como un valor a\u00f1adido que lo convierten en pieza \u00fanica.<\/p>\n","protected":false},"excerpt":{"rendered":"<p>El Buffet Laugna redefine la elegancia con sus patas en forma de esfera. Fabricado con madera de mango de alta calidad en un acabado natural, ofrece un dise\u00f1o \u00fanico y sofisticado. El detalle distintivo de las patas esf\u00e9ricas aporta un toque art\u00edstico que lo distingue. Fabricaci\u00f3n artesanal. Entendemos que pueden haber peque\u00f1as variaciones de tonalidad, [&hellip;]<\/p>\n","protected":false},"featured_media":9656,"template":"","meta":{"inline_featured_image":false},"product_brand":[139],"product_cat":[184,194],"product_tag":[],"class_list":{"0":"post-11803","1":"product","2":"type-product","3":"status-publish","4":"has-post-thumbnail","6":"product_brand-vical-home","7":"product_cat-indoor-furniture","8":"product_cat-sideboards","10":"first","11":"instock","12":"taxable","13":"shipping-taxable","14":"purchasable","15":"product-type-simple"},"aioseo_notices":[],"_links":{"self":[{"href":"https:\/\/mdisitges.com\/en\/wp-json\/wp\/v2\/product\/11803","targetHints":{"allow":["GET"]}}],"collection":[{"href":"https:\/\/mdisitges.com\/en\/wp-json\/wp\/v2\/product"}],"about":[{"href":"https:\/\/mdisitges.com\/en\/wp-json\/wp\/v2\/types\/product"}],"wp:featuredmedia":[{"embeddable":true,"href":"https:\/\/mdisitges.com\/en\/wp-json\/wp\/v2\/media\/9656"}],"wp:attachment":[{"href":"https:\/\/mdisitges.com\/en\/wp-json\/wp\/v2\/media?parent=11803"}],"wp:term":[{"taxonomy":"product_brand","embeddable":true,"href":"https:\/\/mdisitges.com\/en\/wp-json\/wp\/v2\/product_brand?post=11803"},{"taxonomy":"product_cat","embeddable":true,"href":"https:\/\/mdisitges.com\/en\/wp-json\/wp\/v2\/product_cat?post=11803"},{"taxonomy":"product_tag","embeddable":true,"href":"https:\/\/mdisitges.com\/en\/wp-json\/wp\/v2\/product_tag?post=11803"}],"curies":[{"name":"wp","href":"https:\/\/api.w.org\/{rel}","templated":true}]}}