{"id":11804,"date":"2025-03-12T17:02:17","date_gmt":"2025-03-12T17:02:17","guid":{"rendered":"https:\/\/mdisitges.com\/producto\/aparador-dobeln\/"},"modified":"2025-03-12T17:02:17","modified_gmt":"2025-03-12T17:02:17","slug":"aparador-dobeln","status":"publish","type":"product","link":"https:\/\/mdisitges.com\/en\/producto\/aparador-dobeln\/","title":{"rendered":"Aparador Dobeln"},"content":{"rendered":"<p>Sum\u00e9rgete en el lujo y la funcionalidad con el Buffet Dobeln. Hecho de hierro robusto y madera de mango, su acabado en negro y oro lo posicionan como una joya del dise\u00f1o de interiores. Este buffet no solo sirve como almacenamiento, sino tambi\u00e9n como una declaraci\u00f3n de estilo en tu sal\u00f3n. Su dise\u00f1o del buffet elegante para el sal\u00f3n y su acabado sofisticado hacen de Dobeln la pieza central que tu hogar merece. Fabricaci\u00f3n artesanal. Entendemos que pueden haber peque\u00f1as variaciones de tonalidad, tama\u00f1o, forma o ciertas imperfecciones como un valor a\u00f1adido que lo convierten en pieza \u00fanica.<\/p>\n","protected":false},"excerpt":{"rendered":"<p>Sum\u00e9rgete en el lujo y la funcionalidad con el Buffet Dobeln. Hecho de hierro robusto y madera de mango, su acabado en negro y oro lo posicionan como una joya del dise\u00f1o de interiores. Este buffet no solo sirve como almacenamiento, sino tambi\u00e9n como una declaraci\u00f3n de estilo en tu sal\u00f3n. Su dise\u00f1o del buffet [&hellip;]<\/p>\n","protected":false},"featured_media":9682,"template":"","meta":{"inline_featured_image":false},"product_brand":[139],"product_cat":[184,194],"product_tag":[],"class_list":{"0":"post-11804","1":"product","2":"type-product","3":"status-publish","4":"has-post-thumbnail","6":"product_brand-vical-home","7":"product_cat-indoor-furniture","8":"product_cat-sideboards","10":"first","11":"instock","12":"taxable","13":"shipping-taxable","14":"purchasable","15":"product-type-simple"},"aioseo_notices":[],"_links":{"self":[{"href":"https:\/\/mdisitges.com\/en\/wp-json\/wp\/v2\/product\/11804","targetHints":{"allow":["GET"]}}],"collection":[{"href":"https:\/\/mdisitges.com\/en\/wp-json\/wp\/v2\/product"}],"about":[{"href":"https:\/\/mdisitges.com\/en\/wp-json\/wp\/v2\/types\/product"}],"wp:featuredmedia":[{"embeddable":true,"href":"https:\/\/mdisitges.com\/en\/wp-json\/wp\/v2\/media\/9682"}],"wp:attachment":[{"href":"https:\/\/mdisitges.com\/en\/wp-json\/wp\/v2\/media?parent=11804"}],"wp:term":[{"taxonomy":"product_brand","embeddable":true,"href":"https:\/\/mdisitges.com\/en\/wp-json\/wp\/v2\/product_brand?post=11804"},{"taxonomy":"product_cat","embeddable":true,"href":"https:\/\/mdisitges.com\/en\/wp-json\/wp\/v2\/product_cat?post=11804"},{"taxonomy":"product_tag","embeddable":true,"href":"https:\/\/mdisitges.com\/en\/wp-json\/wp\/v2\/product_tag?post=11804"}],"curies":[{"name":"wp","href":"https:\/\/api.w.org\/{rel}","templated":true}]}}