{"id":11813,"date":"2025-03-12T17:02:16","date_gmt":"2025-03-12T17:02:16","guid":{"rendered":"https:\/\/mdisitges.com\/producto\/aparador-valencia\/"},"modified":"2025-03-12T17:02:16","modified_gmt":"2025-03-12T17:02:16","slug":"aparador-valencia","status":"publish","type":"product","link":"https:\/\/mdisitges.com\/en\/producto\/aparador-valencia\/","title":{"rendered":"Aparador Valencia"},"content":{"rendered":"<p>Aparador de dise\u00f1o moderno con estructura de madera chapada en nogal natural y unas originales patas de acero inoxidable pintado en epoxi negro. La iluminaci\u00f3n interior de este aparador le permitir\u00e1 crear un ambiente c\u00e1lido y relajado, a la vez que ofrece una mejor visi\u00f3n del interior del mueble. Su original detalle en acero inoxidable pintado en epoxi negro aporta el toque de estilo ideal para tu sal\u00f3n. Cuenta con un amplio espacio de almacenaje con 2 cajones con sistema de apertura y cierre push and pull, y 3 puertas con sistema de apertura tirador de leng\u00fceta y cierre soft-closing.<\/p>\n","protected":false},"excerpt":{"rendered":"<p>Aparador de dise\u00f1o moderno con estructura de madera chapada en nogal natural y unas originales patas de acero inoxidable pintado en epoxi negro. La iluminaci\u00f3n interior de este aparador le permitir\u00e1 crear un ambiente c\u00e1lido y relajado, a la vez que ofrece una mejor visi\u00f3n del interior del mueble. Su original detalle en acero inoxidable [&hellip;]<\/p>\n","protected":false},"featured_media":9766,"template":"","meta":{"inline_featured_image":false},"product_brand":[141],"product_cat":[184,194],"product_tag":[],"class_list":{"0":"post-11813","1":"product","2":"type-product","3":"status-publish","4":"has-post-thumbnail","6":"product_brand-angel-cerda","7":"product_cat-indoor-furniture","8":"product_cat-sideboards","10":"first","11":"instock","12":"taxable","13":"shipping-taxable","14":"purchasable","15":"product-type-simple"},"aioseo_notices":[],"_links":{"self":[{"href":"https:\/\/mdisitges.com\/en\/wp-json\/wp\/v2\/product\/11813","targetHints":{"allow":["GET"]}}],"collection":[{"href":"https:\/\/mdisitges.com\/en\/wp-json\/wp\/v2\/product"}],"about":[{"href":"https:\/\/mdisitges.com\/en\/wp-json\/wp\/v2\/types\/product"}],"wp:featuredmedia":[{"embeddable":true,"href":"https:\/\/mdisitges.com\/en\/wp-json\/wp\/v2\/media\/9766"}],"wp:attachment":[{"href":"https:\/\/mdisitges.com\/en\/wp-json\/wp\/v2\/media?parent=11813"}],"wp:term":[{"taxonomy":"product_brand","embeddable":true,"href":"https:\/\/mdisitges.com\/en\/wp-json\/wp\/v2\/product_brand?post=11813"},{"taxonomy":"product_cat","embeddable":true,"href":"https:\/\/mdisitges.com\/en\/wp-json\/wp\/v2\/product_cat?post=11813"},{"taxonomy":"product_tag","embeddable":true,"href":"https:\/\/mdisitges.com\/en\/wp-json\/wp\/v2\/product_tag?post=11813"}],"curies":[{"name":"wp","href":"https:\/\/api.w.org\/{rel}","templated":true}]}}