{"id":11814,"date":"2025-03-12T17:02:16","date_gmt":"2025-03-12T17:02:16","guid":{"rendered":"https:\/\/mdisitges.com\/producto\/aparador-kerala\/"},"modified":"2025-03-12T17:02:16","modified_gmt":"2025-03-12T17:02:16","slug":"aparador-kerala","status":"publish","type":"product","link":"https:\/\/mdisitges.com\/en\/producto\/aparador-kerala\/","title":{"rendered":"Aparador Kerala"},"content":{"rendered":"<p>Aparador realizado en DM con acabado fresno en color negro. Tres puertas con frontales de porcel\u00e1nico en acabado m\u00e1rmol blanco con veta gris. Estructura inferior met\u00e1lica, acabado en negro mate.<\/p>\n","protected":false},"excerpt":{"rendered":"<p>Aparador realizado en DM con acabado fresno en color negro. Tres puertas con frontales de porcel\u00e1nico en acabado m\u00e1rmol blanco con veta gris. Estructura inferior met\u00e1lica, acabado en negro mate.<\/p>\n","protected":false},"featured_media":9710,"template":"","meta":{"inline_featured_image":false},"product_brand":[143],"product_cat":[184,194],"product_tag":[],"class_list":{"0":"post-11814","1":"product","2":"type-product","3":"status-publish","4":"has-post-thumbnail","6":"product_brand-schuller","7":"product_cat-indoor-furniture","8":"product_cat-sideboards","10":"first","11":"instock","12":"taxable","13":"shipping-taxable","14":"purchasable","15":"product-type-simple"},"aioseo_notices":[],"_links":{"self":[{"href":"https:\/\/mdisitges.com\/en\/wp-json\/wp\/v2\/product\/11814","targetHints":{"allow":["GET"]}}],"collection":[{"href":"https:\/\/mdisitges.com\/en\/wp-json\/wp\/v2\/product"}],"about":[{"href":"https:\/\/mdisitges.com\/en\/wp-json\/wp\/v2\/types\/product"}],"wp:featuredmedia":[{"embeddable":true,"href":"https:\/\/mdisitges.com\/en\/wp-json\/wp\/v2\/media\/9710"}],"wp:attachment":[{"href":"https:\/\/mdisitges.com\/en\/wp-json\/wp\/v2\/media?parent=11814"}],"wp:term":[{"taxonomy":"product_brand","embeddable":true,"href":"https:\/\/mdisitges.com\/en\/wp-json\/wp\/v2\/product_brand?post=11814"},{"taxonomy":"product_cat","embeddable":true,"href":"https:\/\/mdisitges.com\/en\/wp-json\/wp\/v2\/product_cat?post=11814"},{"taxonomy":"product_tag","embeddable":true,"href":"https:\/\/mdisitges.com\/en\/wp-json\/wp\/v2\/product_tag?post=11814"}],"curies":[{"name":"wp","href":"https:\/\/api.w.org\/{rel}","templated":true}]}}