{"id":11815,"date":"2025-03-12T17:02:16","date_gmt":"2025-03-12T17:02:16","guid":{"rendered":"https:\/\/mdisitges.com\/producto\/aparador-arlo\/"},"modified":"2025-03-12T17:02:16","modified_gmt":"2025-03-12T17:02:16","slug":"aparador-arlo","status":"publish","type":"product","link":"https:\/\/mdisitges.com\/en\/producto\/aparador-arlo\/","title":{"rendered":"Aparador Arlo"},"content":{"rendered":"<p>ARLO BAJO IB 08 es mucho m\u00e1s que un aparador de dise\u00f1o moderno y sofisticado, porque no dejar\u00e1 a nadie indiferente. La combinaci\u00f3n de sus colores grafito y teja aporta una gran elegancia y personalidad a cualquier habitaci\u00f3n en la que lo coloques.<\/p>\n","protected":false},"excerpt":{"rendered":"<p>ARLO BAJO IB 08 es mucho m\u00e1s que un aparador de dise\u00f1o moderno y sofisticado, porque no dejar\u00e1 a nadie indiferente. La combinaci\u00f3n de sus colores grafito y teja aporta una gran elegancia y personalidad a cualquier habitaci\u00f3n en la que lo coloques.<\/p>\n","protected":false},"featured_media":9654,"template":"","meta":{"inline_featured_image":false},"product_brand":[140],"product_cat":[184,194],"product_tag":[],"class_list":{"0":"post-11815","1":"product","2":"type-product","3":"status-publish","4":"has-post-thumbnail","6":"product_brand-bo-cubi","7":"product_cat-indoor-furniture","8":"product_cat-sideboards","10":"first","11":"instock","12":"taxable","13":"shipping-taxable","14":"purchasable","15":"product-type-simple"},"aioseo_notices":[],"_links":{"self":[{"href":"https:\/\/mdisitges.com\/en\/wp-json\/wp\/v2\/product\/11815","targetHints":{"allow":["GET"]}}],"collection":[{"href":"https:\/\/mdisitges.com\/en\/wp-json\/wp\/v2\/product"}],"about":[{"href":"https:\/\/mdisitges.com\/en\/wp-json\/wp\/v2\/types\/product"}],"wp:featuredmedia":[{"embeddable":true,"href":"https:\/\/mdisitges.com\/en\/wp-json\/wp\/v2\/media\/9654"}],"wp:attachment":[{"href":"https:\/\/mdisitges.com\/en\/wp-json\/wp\/v2\/media?parent=11815"}],"wp:term":[{"taxonomy":"product_brand","embeddable":true,"href":"https:\/\/mdisitges.com\/en\/wp-json\/wp\/v2\/product_brand?post=11815"},{"taxonomy":"product_cat","embeddable":true,"href":"https:\/\/mdisitges.com\/en\/wp-json\/wp\/v2\/product_cat?post=11815"},{"taxonomy":"product_tag","embeddable":true,"href":"https:\/\/mdisitges.com\/en\/wp-json\/wp\/v2\/product_tag?post=11815"}],"curies":[{"name":"wp","href":"https:\/\/api.w.org\/{rel}","templated":true}]}}