{"id":11817,"date":"2025-03-12T17:02:16","date_gmt":"2025-03-12T17:02:16","guid":{"rendered":"https:\/\/mdisitges.com\/producto\/silla-mel\/"},"modified":"2025-03-12T17:02:16","modified_gmt":"2025-03-12T17:02:16","slug":"silla-mel","status":"publish","type":"product","link":"https:\/\/mdisitges.com\/en\/producto\/silla-mel\/","title":{"rendered":"Silla Mel"},"content":{"rendered":"<p>Silla oficina giratoria de dise\u00f1o moderno con asiento y respaldo tapizado en polipiel color azul. Cuenta con reposabrazos, lo que le confiere una mayor comodidad. Gracias a sus patas fabricadas en acero inoxidable cromado se convertir\u00e1 en un imprescindible para su zona de trabajo, sin dejar de lado el estilo m\u00e1s vanguardista. Sus ruedas aportar\u00e1n el extra de practicidad que necesita en sus horas de trabajo o estudio.<\/p>\n","protected":false},"excerpt":{"rendered":"<p>Silla oficina giratoria de dise\u00f1o moderno con asiento y respaldo tapizado en polipiel color azul. Cuenta con reposabrazos, lo que le confiere una mayor comodidad. Gracias a sus patas fabricadas en acero inoxidable cromado se convertir\u00e1 en un imprescindible para su zona de trabajo, sin dejar de lado el estilo m\u00e1s vanguardista. Sus ruedas aportar\u00e1n [&hellip;]<\/p>\n","protected":false},"featured_media":9894,"template":"","meta":{"inline_featured_image":false},"product_brand":[141],"product_cat":[184,195],"product_tag":[],"class_list":{"0":"post-11817","1":"product","2":"type-product","3":"status-publish","4":"has-post-thumbnail","6":"product_brand-angel-cerda","7":"product_cat-indoor-furniture","8":"product_cat-office","10":"first","11":"instock","12":"taxable","13":"shipping-taxable","14":"purchasable","15":"product-type-simple"},"aioseo_notices":[],"_links":{"self":[{"href":"https:\/\/mdisitges.com\/en\/wp-json\/wp\/v2\/product\/11817","targetHints":{"allow":["GET"]}}],"collection":[{"href":"https:\/\/mdisitges.com\/en\/wp-json\/wp\/v2\/product"}],"about":[{"href":"https:\/\/mdisitges.com\/en\/wp-json\/wp\/v2\/types\/product"}],"wp:featuredmedia":[{"embeddable":true,"href":"https:\/\/mdisitges.com\/en\/wp-json\/wp\/v2\/media\/9894"}],"wp:attachment":[{"href":"https:\/\/mdisitges.com\/en\/wp-json\/wp\/v2\/media?parent=11817"}],"wp:term":[{"taxonomy":"product_brand","embeddable":true,"href":"https:\/\/mdisitges.com\/en\/wp-json\/wp\/v2\/product_brand?post=11817"},{"taxonomy":"product_cat","embeddable":true,"href":"https:\/\/mdisitges.com\/en\/wp-json\/wp\/v2\/product_cat?post=11817"},{"taxonomy":"product_tag","embeddable":true,"href":"https:\/\/mdisitges.com\/en\/wp-json\/wp\/v2\/product_tag?post=11817"}],"curies":[{"name":"wp","href":"https:\/\/api.w.org\/{rel}","templated":true}]}}