{"id":11818,"date":"2025-03-12T17:02:15","date_gmt":"2025-03-12T17:02:15","guid":{"rendered":"https:\/\/mdisitges.com\/producto\/aparador-ilusion-day\/"},"modified":"2025-03-12T17:02:15","modified_gmt":"2025-03-12T17:02:15","slug":"aparador-ilusion-day","status":"publish","type":"product","link":"https:\/\/mdisitges.com\/en\/producto\/aparador-ilusion-day\/","title":{"rendered":"Aparador Ilusion Day"},"content":{"rendered":"<p>Transforma tu espacio con nuestro magn\u00edfico aparador con encanto y funcionalidad en cada detalle. Las puertas en roble boreal a\u00f1aden un toque de calidez natural, mientras que las patas met\u00e1licas aportan un toque moderno y elegante. Este vers\u00e1til mueble no solo es una pieza de almacenamiento, sino tambi\u00e9n una declaraci\u00f3n de estilo.<\/p>\n","protected":false},"excerpt":{"rendered":"<p>Transforma tu espacio con nuestro magn\u00edfico aparador con encanto y funcionalidad en cada detalle. Las puertas en roble boreal a\u00f1aden un toque de calidez natural, mientras que las patas met\u00e1licas aportan un toque moderno y elegante. Este vers\u00e1til mueble no solo es una pieza de almacenamiento, sino tambi\u00e9n una declaraci\u00f3n de estilo.<\/p>\n","protected":false},"featured_media":9700,"template":"","meta":{"inline_featured_image":false},"product_brand":[140],"product_cat":[184,194],"product_tag":[],"class_list":{"0":"post-11818","1":"product","2":"type-product","3":"status-publish","4":"has-post-thumbnail","6":"product_brand-bo-cubi","7":"product_cat-indoor-furniture","8":"product_cat-sideboards","10":"first","11":"instock","12":"taxable","13":"shipping-taxable","14":"purchasable","15":"product-type-simple"},"aioseo_notices":[],"_links":{"self":[{"href":"https:\/\/mdisitges.com\/en\/wp-json\/wp\/v2\/product\/11818","targetHints":{"allow":["GET"]}}],"collection":[{"href":"https:\/\/mdisitges.com\/en\/wp-json\/wp\/v2\/product"}],"about":[{"href":"https:\/\/mdisitges.com\/en\/wp-json\/wp\/v2\/types\/product"}],"wp:featuredmedia":[{"embeddable":true,"href":"https:\/\/mdisitges.com\/en\/wp-json\/wp\/v2\/media\/9700"}],"wp:attachment":[{"href":"https:\/\/mdisitges.com\/en\/wp-json\/wp\/v2\/media?parent=11818"}],"wp:term":[{"taxonomy":"product_brand","embeddable":true,"href":"https:\/\/mdisitges.com\/en\/wp-json\/wp\/v2\/product_brand?post=11818"},{"taxonomy":"product_cat","embeddable":true,"href":"https:\/\/mdisitges.com\/en\/wp-json\/wp\/v2\/product_cat?post=11818"},{"taxonomy":"product_tag","embeddable":true,"href":"https:\/\/mdisitges.com\/en\/wp-json\/wp\/v2\/product_tag?post=11818"}],"curies":[{"name":"wp","href":"https:\/\/api.w.org\/{rel}","templated":true}]}}