{"id":11822,"date":"2025-03-12T17:02:15","date_gmt":"2025-03-12T17:02:15","guid":{"rendered":"https:\/\/mdisitges.com\/producto\/escritorio-nordic\/"},"modified":"2025-03-12T17:02:15","modified_gmt":"2025-03-12T17:02:15","slug":"escritorio-nordic","status":"publish","type":"product","link":"https:\/\/mdisitges.com\/en\/producto\/escritorio-nordic\/","title":{"rendered":"Escritorio Nordic"},"content":{"rendered":"<p>Escritorio de dise\u00f1o moderno con tapa y estructura de madera chapada en nogal natural. El dise\u00f1o de sus patas de acero inoxidable pulido oscurecido aportar\u00e1 un toque sofisticado y exclusivo a su estancia. Gracias a su amplio espacio de almacenaje con 5 cajones con sistema de apertura u\u00f1ero y cierre soft-closing, le permitir\u00e1 mantener todo en orden y en su sitio. Requiere montaje.<\/p>\n","protected":false},"excerpt":{"rendered":"<p>Escritorio de dise\u00f1o moderno con tapa y estructura de madera chapada en nogal natural. El dise\u00f1o de sus patas de acero inoxidable pulido oscurecido aportar\u00e1 un toque sofisticado y exclusivo a su estancia. Gracias a su amplio espacio de almacenaje con 5 cajones con sistema de apertura u\u00f1ero y cierre soft-closing, le permitir\u00e1 mantener todo [&hellip;]<\/p>\n","protected":false},"featured_media":9824,"template":"","meta":{"inline_featured_image":false},"product_brand":[141],"product_cat":[184,195],"product_tag":[],"class_list":{"0":"post-11822","1":"product","2":"type-product","3":"status-publish","4":"has-post-thumbnail","6":"product_brand-angel-cerda","7":"product_cat-indoor-furniture","8":"product_cat-office","10":"first","11":"instock","12":"taxable","13":"shipping-taxable","14":"purchasable","15":"product-type-simple"},"aioseo_notices":[],"_links":{"self":[{"href":"https:\/\/mdisitges.com\/en\/wp-json\/wp\/v2\/product\/11822","targetHints":{"allow":["GET"]}}],"collection":[{"href":"https:\/\/mdisitges.com\/en\/wp-json\/wp\/v2\/product"}],"about":[{"href":"https:\/\/mdisitges.com\/en\/wp-json\/wp\/v2\/types\/product"}],"wp:featuredmedia":[{"embeddable":true,"href":"https:\/\/mdisitges.com\/en\/wp-json\/wp\/v2\/media\/9824"}],"wp:attachment":[{"href":"https:\/\/mdisitges.com\/en\/wp-json\/wp\/v2\/media?parent=11822"}],"wp:term":[{"taxonomy":"product_brand","embeddable":true,"href":"https:\/\/mdisitges.com\/en\/wp-json\/wp\/v2\/product_brand?post=11822"},{"taxonomy":"product_cat","embeddable":true,"href":"https:\/\/mdisitges.com\/en\/wp-json\/wp\/v2\/product_cat?post=11822"},{"taxonomy":"product_tag","embeddable":true,"href":"https:\/\/mdisitges.com\/en\/wp-json\/wp\/v2\/product_tag?post=11822"}],"curies":[{"name":"wp","href":"https:\/\/api.w.org\/{rel}","templated":true}]}}