{"id":11823,"date":"2025-03-12T17:02:15","date_gmt":"2025-03-12T17:02:15","guid":{"rendered":"https:\/\/mdisitges.com\/producto\/escritorio-lugan\/"},"modified":"2025-03-12T17:02:15","modified_gmt":"2025-03-12T17:02:15","slug":"escritorio-lugan","status":"publish","type":"product","link":"https:\/\/mdisitges.com\/en\/producto\/escritorio-lugan\/","title":{"rendered":"Escritorio Lugan"},"content":{"rendered":"<p>Escritorio de dise\u00f1o moderno con tapa de madera de MDF color gris y estructura de madera chapada en nogal natural. El dise\u00f1o de sus patas de madera chapada en nogal natural aportar\u00e1 un toque sofisticado y exclusivo a su estancia. Gracias a su amplio espacio de almacenaje con 1 caj\u00f3n con sistema de apertura u\u00f1ero y cierre soft-closing, le permitir\u00e1 mantener todo en orden y en su sitio. Requiere montaje.<\/p>\n","protected":false},"excerpt":{"rendered":"<p>Escritorio de dise\u00f1o moderno con tapa de madera de MDF color gris y estructura de madera chapada en nogal natural. El dise\u00f1o de sus patas de madera chapada en nogal natural aportar\u00e1 un toque sofisticado y exclusivo a su estancia. Gracias a su amplio espacio de almacenaje con 1 caj\u00f3n con sistema de apertura u\u00f1ero [&hellip;]<\/p>\n","protected":false},"featured_media":9796,"template":"","meta":{"inline_featured_image":false},"product_brand":[141],"product_cat":[184,195],"product_tag":[],"class_list":{"0":"post-11823","1":"product","2":"type-product","3":"status-publish","4":"has-post-thumbnail","6":"product_brand-angel-cerda","7":"product_cat-indoor-furniture","8":"product_cat-office","10":"first","11":"instock","12":"taxable","13":"shipping-taxable","14":"purchasable","15":"product-type-simple"},"aioseo_notices":[],"_links":{"self":[{"href":"https:\/\/mdisitges.com\/en\/wp-json\/wp\/v2\/product\/11823","targetHints":{"allow":["GET"]}}],"collection":[{"href":"https:\/\/mdisitges.com\/en\/wp-json\/wp\/v2\/product"}],"about":[{"href":"https:\/\/mdisitges.com\/en\/wp-json\/wp\/v2\/types\/product"}],"wp:featuredmedia":[{"embeddable":true,"href":"https:\/\/mdisitges.com\/en\/wp-json\/wp\/v2\/media\/9796"}],"wp:attachment":[{"href":"https:\/\/mdisitges.com\/en\/wp-json\/wp\/v2\/media?parent=11823"}],"wp:term":[{"taxonomy":"product_brand","embeddable":true,"href":"https:\/\/mdisitges.com\/en\/wp-json\/wp\/v2\/product_brand?post=11823"},{"taxonomy":"product_cat","embeddable":true,"href":"https:\/\/mdisitges.com\/en\/wp-json\/wp\/v2\/product_cat?post=11823"},{"taxonomy":"product_tag","embeddable":true,"href":"https:\/\/mdisitges.com\/en\/wp-json\/wp\/v2\/product_tag?post=11823"}],"curies":[{"name":"wp","href":"https:\/\/api.w.org\/{rel}","templated":true}]}}