{"id":11830,"date":"2025-03-12T17:02:14","date_gmt":"2025-03-12T17:02:14","guid":{"rendered":"https:\/\/mdisitges.com\/producto\/silla-elvis\/"},"modified":"2025-03-12T17:02:14","modified_gmt":"2025-03-12T17:02:14","slug":"silla-elvis","status":"publish","type":"product","link":"https:\/\/mdisitges.com\/en\/producto\/silla-elvis\/","title":{"rendered":"Silla Elvis"},"content":{"rendered":"<p>Sill\u00f3n auxiliar de Fama, el pie giratorio es de fundici\u00f3n de Aluminio. Es uno de nuestros dise\u00f1os m\u00e1s atemporales. Gracias a sus dimensiones reducidas y a su gran comodidad, es el sill\u00f3n perfecto para escritorios, despachos, etc. La altura es regulable mediante un mecanismo de gas. La base de fundici\u00f3n de aluminio permite girar 360\u00ba.<\/p>\n","protected":false},"excerpt":{"rendered":"<p>Sill\u00f3n auxiliar de Fama, el pie giratorio es de fundici\u00f3n de Aluminio. Es uno de nuestros dise\u00f1os m\u00e1s atemporales. Gracias a sus dimensiones reducidas y a su gran comodidad, es el sill\u00f3n perfecto para escritorios, despachos, etc. La altura es regulable mediante un mecanismo de gas. La base de fundici\u00f3n de aluminio permite girar 360\u00ba.<\/p>\n","protected":false},"featured_media":0,"template":"","meta":{"inline_featured_image":false},"product_brand":[145],"product_cat":[184,195],"product_tag":[],"class_list":{"0":"post-11830","1":"product","2":"type-product","3":"status-publish","5":"product_brand-fama","6":"product_cat-indoor-furniture","7":"product_cat-office","9":"first","10":"instock","11":"taxable","12":"shipping-taxable","13":"purchasable","14":"product-type-simple"},"aioseo_notices":[],"_links":{"self":[{"href":"https:\/\/mdisitges.com\/en\/wp-json\/wp\/v2\/product\/11830","targetHints":{"allow":["GET"]}}],"collection":[{"href":"https:\/\/mdisitges.com\/en\/wp-json\/wp\/v2\/product"}],"about":[{"href":"https:\/\/mdisitges.com\/en\/wp-json\/wp\/v2\/types\/product"}],"wp:attachment":[{"href":"https:\/\/mdisitges.com\/en\/wp-json\/wp\/v2\/media?parent=11830"}],"wp:term":[{"taxonomy":"product_brand","embeddable":true,"href":"https:\/\/mdisitges.com\/en\/wp-json\/wp\/v2\/product_brand?post=11830"},{"taxonomy":"product_cat","embeddable":true,"href":"https:\/\/mdisitges.com\/en\/wp-json\/wp\/v2\/product_cat?post=11830"},{"taxonomy":"product_tag","embeddable":true,"href":"https:\/\/mdisitges.com\/en\/wp-json\/wp\/v2\/product_tag?post=11830"}],"curies":[{"name":"wp","href":"https:\/\/api.w.org\/{rel}","templated":true}]}}