{"id":11837,"date":"2025-03-12T17:02:14","date_gmt":"2025-03-12T17:02:14","guid":{"rendered":"https:\/\/mdisitges.com\/producto\/janet-2\/"},"modified":"2025-03-12T17:02:14","modified_gmt":"2025-03-12T17:02:14","slug":"janet-2","status":"publish","type":"product","link":"https:\/\/mdisitges.com\/en\/producto\/janet-2\/","title":{"rendered":"Janet"},"content":{"rendered":"<p>Mesa extensible con tapa de 10mm de porcel\u00e1nico macizo en color gris y patas de metal en color blanco.<br \/>\nExtensible porcel\u00e1nico.<br \/>\nMedida 140&#215;90 cm (Abierta 190-240 cm)<br \/>\nPorcel\u00e1nico resistente al rayado, calor, fuego, productos qu\u00edmicos, etc. Superficie higi\u00e9nica<\/p>\n","protected":false},"excerpt":{"rendered":"<p>Mesa extensible con tapa de 10mm de porcel\u00e1nico macizo en color gris y patas de metal en color blanco. Extensible porcel\u00e1nico. Medida 140&#215;90 cm (Abierta 190-240 cm) Porcel\u00e1nico resistente al rayado, calor, fuego, productos qu\u00edmicos, etc. Superficie higi\u00e9nica<\/p>\n","protected":false},"featured_media":10262,"template":"","meta":{"inline_featured_image":false},"product_brand":[146],"product_cat":[197,184],"product_tag":[],"class_list":{"0":"post-11837","1":"product","2":"type-product","3":"status-publish","4":"has-post-thumbnail","6":"product_brand-somcasa","7":"product_cat-dining-tables","8":"product_cat-indoor-furniture","10":"first","11":"instock","12":"taxable","13":"shipping-taxable","14":"purchasable","15":"product-type-simple"},"aioseo_notices":[],"_links":{"self":[{"href":"https:\/\/mdisitges.com\/en\/wp-json\/wp\/v2\/product\/11837","targetHints":{"allow":["GET"]}}],"collection":[{"href":"https:\/\/mdisitges.com\/en\/wp-json\/wp\/v2\/product"}],"about":[{"href":"https:\/\/mdisitges.com\/en\/wp-json\/wp\/v2\/types\/product"}],"wp:featuredmedia":[{"embeddable":true,"href":"https:\/\/mdisitges.com\/en\/wp-json\/wp\/v2\/media\/10262"}],"wp:attachment":[{"href":"https:\/\/mdisitges.com\/en\/wp-json\/wp\/v2\/media?parent=11837"}],"wp:term":[{"taxonomy":"product_brand","embeddable":true,"href":"https:\/\/mdisitges.com\/en\/wp-json\/wp\/v2\/product_brand?post=11837"},{"taxonomy":"product_cat","embeddable":true,"href":"https:\/\/mdisitges.com\/en\/wp-json\/wp\/v2\/product_cat?post=11837"},{"taxonomy":"product_tag","embeddable":true,"href":"https:\/\/mdisitges.com\/en\/wp-json\/wp\/v2\/product_tag?post=11837"}],"curies":[{"name":"wp","href":"https:\/\/api.w.org\/{rel}","templated":true}]}}