{"id":11838,"date":"2025-03-12T17:02:14","date_gmt":"2025-03-12T17:02:14","guid":{"rendered":"https:\/\/mdisitges.com\/producto\/marie\/"},"modified":"2025-03-12T17:02:14","modified_gmt":"2025-03-12T17:02:14","slug":"marie","status":"publish","type":"product","link":"https:\/\/mdisitges.com\/en\/producto\/marie\/","title":{"rendered":"Marie"},"content":{"rendered":"<p>Mesa de madera rectangular de 140x80cm. Patas de madera de hevea y tapa fija 18mm de espesor.<\/p>\n<p>La combinaci\u00f3n de materiales le dan un aire fresco y su dise\u00f1o sencillo de l\u00edneas rectas un toque moderno, ideal para integrarla en cocinas y comedores de estilo n\u00f3rdico.<\/p>\n","protected":false},"excerpt":{"rendered":"<p>Mesa de madera rectangular de 140x80cm. Patas de madera de hevea y tapa fija 18mm de espesor. La combinaci\u00f3n de materiales le dan un aire fresco y su dise\u00f1o sencillo de l\u00edneas rectas un toque moderno, ideal para integrarla en cocinas y comedores de estilo n\u00f3rdico.<\/p>\n","protected":false},"featured_media":10280,"template":"","meta":{"inline_featured_image":false},"product_brand":[146],"product_cat":[197,184],"product_tag":[],"class_list":{"0":"post-11838","1":"product","2":"type-product","3":"status-publish","4":"has-post-thumbnail","6":"product_brand-somcasa","7":"product_cat-dining-tables","8":"product_cat-indoor-furniture","10":"first","11":"instock","12":"taxable","13":"shipping-taxable","14":"purchasable","15":"product-type-simple"},"aioseo_notices":[],"_links":{"self":[{"href":"https:\/\/mdisitges.com\/en\/wp-json\/wp\/v2\/product\/11838","targetHints":{"allow":["GET"]}}],"collection":[{"href":"https:\/\/mdisitges.com\/en\/wp-json\/wp\/v2\/product"}],"about":[{"href":"https:\/\/mdisitges.com\/en\/wp-json\/wp\/v2\/types\/product"}],"wp:featuredmedia":[{"embeddable":true,"href":"https:\/\/mdisitges.com\/en\/wp-json\/wp\/v2\/media\/10280"}],"wp:attachment":[{"href":"https:\/\/mdisitges.com\/en\/wp-json\/wp\/v2\/media?parent=11838"}],"wp:term":[{"taxonomy":"product_brand","embeddable":true,"href":"https:\/\/mdisitges.com\/en\/wp-json\/wp\/v2\/product_brand?post=11838"},{"taxonomy":"product_cat","embeddable":true,"href":"https:\/\/mdisitges.com\/en\/wp-json\/wp\/v2\/product_cat?post=11838"},{"taxonomy":"product_tag","embeddable":true,"href":"https:\/\/mdisitges.com\/en\/wp-json\/wp\/v2\/product_tag?post=11838"}],"curies":[{"name":"wp","href":"https:\/\/api.w.org\/{rel}","templated":true}]}}