{"id":11839,"date":"2025-03-12T17:02:14","date_gmt":"2025-03-12T17:02:14","guid":{"rendered":"https:\/\/mdisitges.com\/producto\/mona\/"},"modified":"2025-03-12T17:02:14","modified_gmt":"2025-03-12T17:02:14","slug":"mona","status":"publish","type":"product","link":"https:\/\/mdisitges.com\/en\/producto\/mona\/","title":{"rendered":"Mona"},"content":{"rendered":"<p>Mesa de madera con forma redonda de 100cm de diametro. Patas fabricadas en madera de caucho y tapa fija de 18mm de espesor.<br \/>\nDise\u00f1o fresco y ligero para integrar en cocina y comedor que dar\u00e1 ese toque moderno que buscas.<br \/>\nComb\u00ednalo con nuestros modelos de sillas tapizadas o de madera en diferentes tonos y crea ambientes n\u00f3rdicos \u00fanicos.<\/p>\n","protected":false},"excerpt":{"rendered":"<p>Mesa de madera con forma redonda de 100cm de diametro. Patas fabricadas en madera de caucho y tapa fija de 18mm de espesor. Dise\u00f1o fresco y ligero para integrar en cocina y comedor que dar\u00e1 ese toque moderno que buscas. Comb\u00ednalo con nuestros modelos de sillas tapizadas o de madera en diferentes tonos y crea [&hellip;]<\/p>\n","protected":false},"featured_media":10290,"template":"","meta":{"inline_featured_image":false},"product_brand":[146],"product_cat":[197,184],"product_tag":[],"class_list":{"0":"post-11839","1":"product","2":"type-product","3":"status-publish","4":"has-post-thumbnail","6":"product_brand-somcasa","7":"product_cat-dining-tables","8":"product_cat-indoor-furniture","10":"first","11":"instock","12":"taxable","13":"shipping-taxable","14":"purchasable","15":"product-type-simple"},"aioseo_notices":[],"_links":{"self":[{"href":"https:\/\/mdisitges.com\/en\/wp-json\/wp\/v2\/product\/11839","targetHints":{"allow":["GET"]}}],"collection":[{"href":"https:\/\/mdisitges.com\/en\/wp-json\/wp\/v2\/product"}],"about":[{"href":"https:\/\/mdisitges.com\/en\/wp-json\/wp\/v2\/types\/product"}],"wp:featuredmedia":[{"embeddable":true,"href":"https:\/\/mdisitges.com\/en\/wp-json\/wp\/v2\/media\/10290"}],"wp:attachment":[{"href":"https:\/\/mdisitges.com\/en\/wp-json\/wp\/v2\/media?parent=11839"}],"wp:term":[{"taxonomy":"product_brand","embeddable":true,"href":"https:\/\/mdisitges.com\/en\/wp-json\/wp\/v2\/product_brand?post=11839"},{"taxonomy":"product_cat","embeddable":true,"href":"https:\/\/mdisitges.com\/en\/wp-json\/wp\/v2\/product_cat?post=11839"},{"taxonomy":"product_tag","embeddable":true,"href":"https:\/\/mdisitges.com\/en\/wp-json\/wp\/v2\/product_tag?post=11839"}],"curies":[{"name":"wp","href":"https:\/\/api.w.org\/{rel}","templated":true}]}}