{"id":11842,"date":"2025-03-12T17:02:13","date_gmt":"2025-03-12T17:02:13","guid":{"rendered":"https:\/\/mdisitges.com\/producto\/qadim\/"},"modified":"2025-03-12T17:02:13","modified_gmt":"2025-03-12T17:02:13","slug":"qadim","status":"publish","type":"product","link":"https:\/\/mdisitges.com\/en\/producto\/qadim\/","title":{"rendered":"Qadim"},"content":{"rendered":"<p>La mesa QADIM tiene un dise\u00f1o \u00fanico y elegante que combina con entornos modernos y minimalistas.<br \/>\nEst\u00e1 fabricada con madera de mango, y su acabado imitando a cemento le proporciona una est\u00e9tica sofisticada.<br \/>\nSe trata de un acabado artesanal, hecho completamente a mano, cuya superficie presenta cierta rugosidad y porosidad, con imperfecciones (no se trata de una superficie lisa).<br \/>\nEl dise\u00f1o de QADIM aporta un toque art\u00edstico all\u00e1 donde est\u00e9, a\u00f1adiendo una est\u00e9tica contempor\u00e1nea a los espacios.<\/p>\n","protected":false},"excerpt":{"rendered":"<p>La mesa QADIM tiene un dise\u00f1o \u00fanico y elegante que combina con entornos modernos y minimalistas. Est\u00e1 fabricada con madera de mango, y su acabado imitando a cemento le proporciona una est\u00e9tica sofisticada. Se trata de un acabado artesanal, hecho completamente a mano, cuya superficie presenta cierta rugosidad y porosidad, con imperfecciones (no se trata [&hellip;]<\/p>\n","protected":false},"featured_media":10298,"template":"","meta":{"inline_featured_image":false},"product_brand":[146],"product_cat":[197,184],"product_tag":[],"class_list":{"0":"post-11842","1":"product","2":"type-product","3":"status-publish","4":"has-post-thumbnail","6":"product_brand-somcasa","7":"product_cat-dining-tables","8":"product_cat-indoor-furniture","10":"first","11":"instock","12":"taxable","13":"shipping-taxable","14":"purchasable","15":"product-type-simple"},"aioseo_notices":[],"_links":{"self":[{"href":"https:\/\/mdisitges.com\/en\/wp-json\/wp\/v2\/product\/11842","targetHints":{"allow":["GET"]}}],"collection":[{"href":"https:\/\/mdisitges.com\/en\/wp-json\/wp\/v2\/product"}],"about":[{"href":"https:\/\/mdisitges.com\/en\/wp-json\/wp\/v2\/types\/product"}],"wp:featuredmedia":[{"embeddable":true,"href":"https:\/\/mdisitges.com\/en\/wp-json\/wp\/v2\/media\/10298"}],"wp:attachment":[{"href":"https:\/\/mdisitges.com\/en\/wp-json\/wp\/v2\/media?parent=11842"}],"wp:term":[{"taxonomy":"product_brand","embeddable":true,"href":"https:\/\/mdisitges.com\/en\/wp-json\/wp\/v2\/product_brand?post=11842"},{"taxonomy":"product_cat","embeddable":true,"href":"https:\/\/mdisitges.com\/en\/wp-json\/wp\/v2\/product_cat?post=11842"},{"taxonomy":"product_tag","embeddable":true,"href":"https:\/\/mdisitges.com\/en\/wp-json\/wp\/v2\/product_tag?post=11842"}],"curies":[{"name":"wp","href":"https:\/\/api.w.org\/{rel}","templated":true}]}}