{"id":11846,"date":"2025-03-12T17:02:13","date_gmt":"2025-03-12T17:02:13","guid":{"rendered":"https:\/\/mdisitges.com\/producto\/greg\/"},"modified":"2025-03-12T17:02:13","modified_gmt":"2025-03-12T17:02:13","slug":"greg","status":"publish","type":"product","link":"https:\/\/mdisitges.com\/en\/producto\/greg\/","title":{"rendered":"Greg"},"content":{"rendered":"<p>Mesa comedor extensible rectangular de dise\u00f1o moderno con tapa de m\u00e1rmol porcel\u00e1nico blanco con vetas en color gris en acabado brillo. Sus patas de madera chapada en nogal natural as\u00ed como su adaptabilidad, la convierten en un mueble totalmente funcional y vers\u00e1til para el d\u00eda a d\u00eda.<\/p>\n","protected":false},"excerpt":{"rendered":"<p>Mesa comedor extensible rectangular de dise\u00f1o moderno con tapa de m\u00e1rmol porcel\u00e1nico blanco con vetas en color gris en acabado brillo. Sus patas de madera chapada en nogal natural as\u00ed como su adaptabilidad, la convierten en un mueble totalmente funcional y vers\u00e1til para el d\u00eda a d\u00eda.<\/p>\n","protected":false},"featured_media":10232,"template":"","meta":{"inline_featured_image":false},"product_brand":[141],"product_cat":[197,184],"product_tag":[],"class_list":{"0":"post-11846","1":"product","2":"type-product","3":"status-publish","4":"has-post-thumbnail","6":"product_brand-angel-cerda","7":"product_cat-dining-tables","8":"product_cat-indoor-furniture","10":"first","11":"instock","12":"taxable","13":"shipping-taxable","14":"purchasable","15":"product-type-simple"},"aioseo_notices":[],"_links":{"self":[{"href":"https:\/\/mdisitges.com\/en\/wp-json\/wp\/v2\/product\/11846","targetHints":{"allow":["GET"]}}],"collection":[{"href":"https:\/\/mdisitges.com\/en\/wp-json\/wp\/v2\/product"}],"about":[{"href":"https:\/\/mdisitges.com\/en\/wp-json\/wp\/v2\/types\/product"}],"wp:featuredmedia":[{"embeddable":true,"href":"https:\/\/mdisitges.com\/en\/wp-json\/wp\/v2\/media\/10232"}],"wp:attachment":[{"href":"https:\/\/mdisitges.com\/en\/wp-json\/wp\/v2\/media?parent=11846"}],"wp:term":[{"taxonomy":"product_brand","embeddable":true,"href":"https:\/\/mdisitges.com\/en\/wp-json\/wp\/v2\/product_brand?post=11846"},{"taxonomy":"product_cat","embeddable":true,"href":"https:\/\/mdisitges.com\/en\/wp-json\/wp\/v2\/product_cat?post=11846"},{"taxonomy":"product_tag","embeddable":true,"href":"https:\/\/mdisitges.com\/en\/wp-json\/wp\/v2\/product_tag?post=11846"}],"curies":[{"name":"wp","href":"https:\/\/api.w.org\/{rel}","templated":true}]}}