{"id":11849,"date":"2025-03-12T17:02:13","date_gmt":"2025-03-12T17:02:13","guid":{"rendered":"https:\/\/mdisitges.com\/producto\/mera-2\/"},"modified":"2025-03-12T17:02:13","modified_gmt":"2025-03-12T17:02:13","slug":"mera-2","status":"publish","type":"product","link":"https:\/\/mdisitges.com\/en\/producto\/mera-2\/","title":{"rendered":"Mera"},"content":{"rendered":"<p>Mesa centro redonda de dise\u00f1o moderno con tapa de madera chapada en nogal natural y unas originales patas de acero inoxidable pintado en epoxi negro. Una pieza con un dise\u00f1o sencillo a la vez que original, con la que aportar\u00e1 un toque \u00fanico y personal.<\/p>\n","protected":false},"excerpt":{"rendered":"<p>Mesa centro redonda de dise\u00f1o moderno con tapa de madera chapada en nogal natural y unas originales patas de acero inoxidable pintado en epoxi negro. Una pieza con un dise\u00f1o sencillo a la vez que original, con la que aportar\u00e1 un toque \u00fanico y personal.<\/p>\n","protected":false},"featured_media":10136,"template":"","meta":{"inline_featured_image":false},"product_brand":[141],"product_cat":[198,184],"product_tag":[],"class_list":{"0":"post-11849","1":"product","2":"type-product","3":"status-publish","4":"has-post-thumbnail","6":"product_brand-angel-cerda","7":"product_cat-coffee-tables-and-side-tables","8":"product_cat-indoor-furniture","10":"first","11":"instock","12":"taxable","13":"shipping-taxable","14":"purchasable","15":"product-type-simple"},"aioseo_notices":[],"_links":{"self":[{"href":"https:\/\/mdisitges.com\/en\/wp-json\/wp\/v2\/product\/11849","targetHints":{"allow":["GET"]}}],"collection":[{"href":"https:\/\/mdisitges.com\/en\/wp-json\/wp\/v2\/product"}],"about":[{"href":"https:\/\/mdisitges.com\/en\/wp-json\/wp\/v2\/types\/product"}],"wp:featuredmedia":[{"embeddable":true,"href":"https:\/\/mdisitges.com\/en\/wp-json\/wp\/v2\/media\/10136"}],"wp:attachment":[{"href":"https:\/\/mdisitges.com\/en\/wp-json\/wp\/v2\/media?parent=11849"}],"wp:term":[{"taxonomy":"product_brand","embeddable":true,"href":"https:\/\/mdisitges.com\/en\/wp-json\/wp\/v2\/product_brand?post=11849"},{"taxonomy":"product_cat","embeddable":true,"href":"https:\/\/mdisitges.com\/en\/wp-json\/wp\/v2\/product_cat?post=11849"},{"taxonomy":"product_tag","embeddable":true,"href":"https:\/\/mdisitges.com\/en\/wp-json\/wp\/v2\/product_tag?post=11849"}],"curies":[{"name":"wp","href":"https:\/\/api.w.org\/{rel}","templated":true}]}}