{"id":11852,"date":"2025-03-12T17:02:12","date_gmt":"2025-03-12T17:02:12","guid":{"rendered":"https:\/\/mdisitges.com\/producto\/imaran\/"},"modified":"2025-03-12T17:02:12","modified_gmt":"2025-03-12T17:02:12","slug":"imaran","status":"publish","type":"product","link":"https:\/\/mdisitges.com\/en\/producto\/imaran\/","title":{"rendered":"Imaran"},"content":{"rendered":"<p>Dise\u00f1o moderno, minimalista y sin adornos excesivos. As\u00ed es como se puede definir la mesa de centro IMARAN.<br \/>\nEsta mesita est\u00e1 fabricada con madera de mango, y su acabado imitando a cemento le proporciona una est\u00e9tica sofisticada.<br \/>\nSe trata de un acabado artesanal, hecho completamente a mano, cuya superficie presenta cierta rugosidad y porosidad, con imperfecciones (no se trata de una superficie lisa).<br \/>\nEl dise\u00f1o de IMARAN aporta originalidad a cualquier espacio, sobre todo aquellos que siguen una l\u00ednea m\u00e1s moderna y minimalista.<\/p>\n","protected":false},"excerpt":{"rendered":"<p>Dise\u00f1o moderno, minimalista y sin adornos excesivos. As\u00ed es como se puede definir la mesa de centro IMARAN. Esta mesita est\u00e1 fabricada con madera de mango, y su acabado imitando a cemento le proporciona una est\u00e9tica sofisticada. Se trata de un acabado artesanal, hecho completamente a mano, cuya superficie presenta cierta rugosidad y porosidad, con [&hellip;]<\/p>\n","protected":false},"featured_media":10112,"template":"","meta":{"inline_featured_image":false},"product_brand":[146],"product_cat":[198,184],"product_tag":[],"class_list":{"0":"post-11852","1":"product","2":"type-product","3":"status-publish","4":"has-post-thumbnail","6":"product_brand-somcasa","7":"product_cat-coffee-tables-and-side-tables","8":"product_cat-indoor-furniture","10":"first","11":"instock","12":"taxable","13":"shipping-taxable","14":"purchasable","15":"product-type-simple"},"aioseo_notices":[],"_links":{"self":[{"href":"https:\/\/mdisitges.com\/en\/wp-json\/wp\/v2\/product\/11852","targetHints":{"allow":["GET"]}}],"collection":[{"href":"https:\/\/mdisitges.com\/en\/wp-json\/wp\/v2\/product"}],"about":[{"href":"https:\/\/mdisitges.com\/en\/wp-json\/wp\/v2\/types\/product"}],"wp:featuredmedia":[{"embeddable":true,"href":"https:\/\/mdisitges.com\/en\/wp-json\/wp\/v2\/media\/10112"}],"wp:attachment":[{"href":"https:\/\/mdisitges.com\/en\/wp-json\/wp\/v2\/media?parent=11852"}],"wp:term":[{"taxonomy":"product_brand","embeddable":true,"href":"https:\/\/mdisitges.com\/en\/wp-json\/wp\/v2\/product_brand?post=11852"},{"taxonomy":"product_cat","embeddable":true,"href":"https:\/\/mdisitges.com\/en\/wp-json\/wp\/v2\/product_cat?post=11852"},{"taxonomy":"product_tag","embeddable":true,"href":"https:\/\/mdisitges.com\/en\/wp-json\/wp\/v2\/product_tag?post=11852"}],"curies":[{"name":"wp","href":"https:\/\/api.w.org\/{rel}","templated":true}]}}