{"id":11854,"date":"2025-03-12T17:02:12","date_gmt":"2025-03-12T17:02:12","guid":{"rendered":"https:\/\/mdisitges.com\/producto\/breil\/"},"modified":"2025-03-12T17:02:12","modified_gmt":"2025-03-12T17:02:12","slug":"breil","status":"publish","type":"product","link":"https:\/\/mdisitges.com\/en\/producto\/breil\/","title":{"rendered":"Breil"},"content":{"rendered":"<p>Mesa de centro breil, en color negra, de estilo art deco. Fabricado en madera roble, combinado con madera contrachapada. Producto desmontable. Fabricaci\u00f3n artesanal. Entendemos las variaciones de tonalidad, tama\u00f1o y forma o ciertas imperfecciones como un valor a\u00f1adido que la convierten en pieza \u00fanica.<\/p>\n","protected":false},"excerpt":{"rendered":"<p>Mesa de centro breil, en color negra, de estilo art deco. Fabricado en madera roble, combinado con madera contrachapada. Producto desmontable. Fabricaci\u00f3n artesanal. Entendemos las variaciones de tonalidad, tama\u00f1o y forma o ciertas imperfecciones como un valor a\u00f1adido que la convierten en pieza \u00fanica.<\/p>\n","protected":false},"featured_media":10074,"template":"","meta":{"inline_featured_image":false},"product_brand":[139],"product_cat":[198,184],"product_tag":[],"class_list":{"0":"post-11854","1":"product","2":"type-product","3":"status-publish","4":"has-post-thumbnail","6":"product_brand-vical-home","7":"product_cat-coffee-tables-and-side-tables","8":"product_cat-indoor-furniture","10":"first","11":"instock","12":"taxable","13":"shipping-taxable","14":"purchasable","15":"product-type-simple"},"aioseo_notices":[],"_links":{"self":[{"href":"https:\/\/mdisitges.com\/en\/wp-json\/wp\/v2\/product\/11854","targetHints":{"allow":["GET"]}}],"collection":[{"href":"https:\/\/mdisitges.com\/en\/wp-json\/wp\/v2\/product"}],"about":[{"href":"https:\/\/mdisitges.com\/en\/wp-json\/wp\/v2\/types\/product"}],"wp:featuredmedia":[{"embeddable":true,"href":"https:\/\/mdisitges.com\/en\/wp-json\/wp\/v2\/media\/10074"}],"wp:attachment":[{"href":"https:\/\/mdisitges.com\/en\/wp-json\/wp\/v2\/media?parent=11854"}],"wp:term":[{"taxonomy":"product_brand","embeddable":true,"href":"https:\/\/mdisitges.com\/en\/wp-json\/wp\/v2\/product_brand?post=11854"},{"taxonomy":"product_cat","embeddable":true,"href":"https:\/\/mdisitges.com\/en\/wp-json\/wp\/v2\/product_cat?post=11854"},{"taxonomy":"product_tag","embeddable":true,"href":"https:\/\/mdisitges.com\/en\/wp-json\/wp\/v2\/product_tag?post=11854"}],"curies":[{"name":"wp","href":"https:\/\/api.w.org\/{rel}","templated":true}]}}