{"id":11856,"date":"2025-03-12T17:02:12","date_gmt":"2025-03-12T17:02:12","guid":{"rendered":"https:\/\/mdisitges.com\/producto\/bocksberg\/"},"modified":"2025-03-12T17:02:12","modified_gmt":"2025-03-12T17:02:12","slug":"bocksberg","status":"publish","type":"product","link":"https:\/\/mdisitges.com\/en\/producto\/bocksberg\/","title":{"rendered":"Bocksberg"},"content":{"rendered":"<p>Esta mesa de 96x96x33cm, fabricada en madera de mango natural, presenta un dise\u00f1o innovador con bolas de madera que invitan a la conversaci\u00f3n. \u00danica, art\u00edstica y sorprendentemente pr\u00e1ctica, es el complemento perfecto para cualquier sal\u00f3n moderno.<\/p>\n","protected":false},"excerpt":{"rendered":"<p>Esta mesa de 96x96x33cm, fabricada en madera de mango natural, presenta un dise\u00f1o innovador con bolas de madera que invitan a la conversaci\u00f3n. \u00danica, art\u00edstica y sorprendentemente pr\u00e1ctica, es el complemento perfecto para cualquier sal\u00f3n moderno.<\/p>\n","protected":false},"featured_media":10062,"template":"","meta":{"inline_featured_image":false},"product_brand":[139],"product_cat":[198,184],"product_tag":[],"class_list":{"0":"post-11856","1":"product","2":"type-product","3":"status-publish","4":"has-post-thumbnail","6":"product_brand-vical-home","7":"product_cat-coffee-tables-and-side-tables","8":"product_cat-indoor-furniture","10":"first","11":"instock","12":"taxable","13":"shipping-taxable","14":"purchasable","15":"product-type-simple"},"aioseo_notices":[],"_links":{"self":[{"href":"https:\/\/mdisitges.com\/en\/wp-json\/wp\/v2\/product\/11856","targetHints":{"allow":["GET"]}}],"collection":[{"href":"https:\/\/mdisitges.com\/en\/wp-json\/wp\/v2\/product"}],"about":[{"href":"https:\/\/mdisitges.com\/en\/wp-json\/wp\/v2\/types\/product"}],"wp:featuredmedia":[{"embeddable":true,"href":"https:\/\/mdisitges.com\/en\/wp-json\/wp\/v2\/media\/10062"}],"wp:attachment":[{"href":"https:\/\/mdisitges.com\/en\/wp-json\/wp\/v2\/media?parent=11856"}],"wp:term":[{"taxonomy":"product_brand","embeddable":true,"href":"https:\/\/mdisitges.com\/en\/wp-json\/wp\/v2\/product_brand?post=11856"},{"taxonomy":"product_cat","embeddable":true,"href":"https:\/\/mdisitges.com\/en\/wp-json\/wp\/v2\/product_cat?post=11856"},{"taxonomy":"product_tag","embeddable":true,"href":"https:\/\/mdisitges.com\/en\/wp-json\/wp\/v2\/product_tag?post=11856"}],"curies":[{"name":"wp","href":"https:\/\/api.w.org\/{rel}","templated":true}]}}