{"id":11864,"date":"2025-03-12T17:02:11","date_gmt":"2025-03-12T17:02:11","guid":{"rendered":"https:\/\/mdisitges.com\/producto\/mili-lalo\/"},"modified":"2025-03-12T17:02:11","modified_gmt":"2025-03-12T17:02:11","slug":"mili-lalo","status":"publish","type":"product","link":"https:\/\/mdisitges.com\/en\/producto\/mili-lalo\/","title":{"rendered":"Mili &#038; Lalo"},"content":{"rendered":"<p>Su respaldo flexible se adapta perfectamente a la espalda, aportando una sensaci\u00f3n incre\u00edble de comodidad, permitiendo usarlas para la mesa de comedor o como auxiliar junto al sof\u00e1. Es el complemento ideal en una casa cuando se reciben visitas y se necesita ampliar el n\u00famero de asientos.<br \/>\nLa diferencia entre los 2 modelos de sillas est\u00e1 en la curvatura del asiento. Mili, con una forma atrevida y Lalo con una curva m\u00e1s convencional.<br \/>\nOlv\u00eddate de las sillas aburridas de siempre, p\u00e1sate a Mili &#038; Lalo, son alegres, ligeras, duraderas y sobre todo muy c\u00f3modas. Para m\u00e1s tejidos o diferente color de pata ponganse en contacto con nosotros.<\/p>\n","protected":false},"excerpt":{"rendered":"<p>Su respaldo flexible se adapta perfectamente a la espalda, aportando una sensaci\u00f3n incre\u00edble de comodidad, permitiendo usarlas para la mesa de comedor o como auxiliar junto al sof\u00e1. Es el complemento ideal en una casa cuando se reciben visitas y se necesita ampliar el n\u00famero de asientos. La diferencia entre los 2 modelos de sillas [&hellip;]<\/p>\n","protected":false},"featured_media":0,"template":"","meta":{"inline_featured_image":false},"product_brand":[145],"product_cat":[199,184],"product_tag":[],"class_list":{"0":"post-11864","1":"product","2":"type-product","3":"status-publish","5":"product_brand-fama","6":"product_cat-chairs-and-stools-en","7":"product_cat-indoor-furniture","9":"first","10":"instock","11":"taxable","12":"shipping-taxable","13":"purchasable","14":"product-type-simple"},"aioseo_notices":[],"_links":{"self":[{"href":"https:\/\/mdisitges.com\/en\/wp-json\/wp\/v2\/product\/11864","targetHints":{"allow":["GET"]}}],"collection":[{"href":"https:\/\/mdisitges.com\/en\/wp-json\/wp\/v2\/product"}],"about":[{"href":"https:\/\/mdisitges.com\/en\/wp-json\/wp\/v2\/types\/product"}],"wp:attachment":[{"href":"https:\/\/mdisitges.com\/en\/wp-json\/wp\/v2\/media?parent=11864"}],"wp:term":[{"taxonomy":"product_brand","embeddable":true,"href":"https:\/\/mdisitges.com\/en\/wp-json\/wp\/v2\/product_brand?post=11864"},{"taxonomy":"product_cat","embeddable":true,"href":"https:\/\/mdisitges.com\/en\/wp-json\/wp\/v2\/product_cat?post=11864"},{"taxonomy":"product_tag","embeddable":true,"href":"https:\/\/mdisitges.com\/en\/wp-json\/wp\/v2\/product_tag?post=11864"}],"curies":[{"name":"wp","href":"https:\/\/api.w.org\/{rel}","templated":true}]}}