{"id":11865,"date":"2025-03-12T17:02:11","date_gmt":"2025-03-12T17:02:11","guid":{"rendered":"https:\/\/mdisitges.com\/producto\/burt\/"},"modified":"2025-03-12T17:02:11","modified_gmt":"2025-03-12T17:02:11","slug":"burt","status":"publish","type":"product","link":"https:\/\/mdisitges.com\/en\/producto\/burt\/","title":{"rendered":"Burt"},"content":{"rendered":"<p>Cada vez m\u00e1s hogares disponen de cocina abierta al sal\u00f3n con barras altas que suelen utilizarse para desayunar, tomar un tentempi\u00e9 o incluso comer y cenar. Por ello, hemos dise\u00f1ado una colecci\u00f3n de taburetes perfectos para cubrir esta funci\u00f3n. Burt es una de las versiones con patas de varilla met\u00e1lica. Est\u00e1 disponible en tres alturas: 45 cm (versi\u00f3n silla), 65 y 75 cm (versi\u00f3n taburete). La versi\u00f3n silla (45 cm de altura), tiene la funcionalidad extra de que, gracias a su pie de varilla met\u00e1lica, se puede usar como pieza decorativa independiente. Para m\u00e1s tejidos o otras medidas ponganse en contacto con nosotros.<\/p>\n","protected":false},"excerpt":{"rendered":"<p>Cada vez m\u00e1s hogares disponen de cocina abierta al sal\u00f3n con barras altas que suelen utilizarse para desayunar, tomar un tentempi\u00e9 o incluso comer y cenar. Por ello, hemos dise\u00f1ado una colecci\u00f3n de taburetes perfectos para cubrir esta funci\u00f3n. Burt es una de las versiones con patas de varilla met\u00e1lica. Est\u00e1 disponible en tres alturas: [&hellip;]<\/p>\n","protected":false},"featured_media":0,"template":"","meta":{"inline_featured_image":false},"product_brand":[145],"product_cat":[199,184],"product_tag":[],"class_list":{"0":"post-11865","1":"product","2":"type-product","3":"status-publish","5":"product_brand-fama","6":"product_cat-chairs-and-stools-en","7":"product_cat-indoor-furniture","9":"first","10":"instock","11":"taxable","12":"shipping-taxable","13":"purchasable","14":"product-type-simple"},"aioseo_notices":[],"_links":{"self":[{"href":"https:\/\/mdisitges.com\/en\/wp-json\/wp\/v2\/product\/11865","targetHints":{"allow":["GET"]}}],"collection":[{"href":"https:\/\/mdisitges.com\/en\/wp-json\/wp\/v2\/product"}],"about":[{"href":"https:\/\/mdisitges.com\/en\/wp-json\/wp\/v2\/types\/product"}],"wp:attachment":[{"href":"https:\/\/mdisitges.com\/en\/wp-json\/wp\/v2\/media?parent=11865"}],"wp:term":[{"taxonomy":"product_brand","embeddable":true,"href":"https:\/\/mdisitges.com\/en\/wp-json\/wp\/v2\/product_brand?post=11865"},{"taxonomy":"product_cat","embeddable":true,"href":"https:\/\/mdisitges.com\/en\/wp-json\/wp\/v2\/product_cat?post=11865"},{"taxonomy":"product_tag","embeddable":true,"href":"https:\/\/mdisitges.com\/en\/wp-json\/wp\/v2\/product_tag?post=11865"}],"curies":[{"name":"wp","href":"https:\/\/api.w.org\/{rel}","templated":true}]}}