{"id":11872,"date":"2025-03-12T17:02:10","date_gmt":"2025-03-12T17:02:10","guid":{"rendered":"https:\/\/mdisitges.com\/producto\/ada\/"},"modified":"2025-03-12T17:02:10","modified_gmt":"2025-03-12T17:02:10","slug":"ada","status":"publish","type":"product","link":"https:\/\/mdisitges.com\/en\/producto\/ada\/","title":{"rendered":"Ada"},"content":{"rendered":"<p>La silla ADA est\u00e1 fabricada con madera de haya y presenta un dise\u00f1o original y atractivo que se adapta a cualquier estilo de decoraci\u00f3n, desde el moderno, hasta el n\u00f3rdico o el vintage.<br \/>\nEst\u00e1 compuesta por un asiento en acabado de enea y un llamativo respaldo arqueado que ofrece comodidad y un dise\u00f1o ergon\u00f3mico.<br \/>\nCombina a la perfecci\u00f3n en ambientes como la cocina y el comedor, aunque puede ofrecer m\u00e1s posibilidades gracias a su f\u00e1cil adaptaci\u00f3n en cualquier local de hosteler\u00eda, cafeter\u00eda, restaurante o bar.<\/p>\n","protected":false},"excerpt":{"rendered":"<p>La silla ADA est\u00e1 fabricada con madera de haya y presenta un dise\u00f1o original y atractivo que se adapta a cualquier estilo de decoraci\u00f3n, desde el moderno, hasta el n\u00f3rdico o el vintage. Est\u00e1 compuesta por un asiento en acabado de enea y un llamativo respaldo arqueado que ofrece comodidad y un dise\u00f1o ergon\u00f3mico. Combina [&hellip;]<\/p>\n","protected":false},"featured_media":10532,"template":"","meta":{"inline_featured_image":false},"product_brand":[146],"product_cat":[199,184],"product_tag":[],"class_list":{"0":"post-11872","1":"product","2":"type-product","3":"status-publish","4":"has-post-thumbnail","6":"product_brand-somcasa","7":"product_cat-chairs-and-stools-en","8":"product_cat-indoor-furniture","10":"first","11":"instock","12":"taxable","13":"shipping-taxable","14":"purchasable","15":"product-type-simple"},"aioseo_notices":[],"_links":{"self":[{"href":"https:\/\/mdisitges.com\/en\/wp-json\/wp\/v2\/product\/11872","targetHints":{"allow":["GET"]}}],"collection":[{"href":"https:\/\/mdisitges.com\/en\/wp-json\/wp\/v2\/product"}],"about":[{"href":"https:\/\/mdisitges.com\/en\/wp-json\/wp\/v2\/types\/product"}],"wp:featuredmedia":[{"embeddable":true,"href":"https:\/\/mdisitges.com\/en\/wp-json\/wp\/v2\/media\/10532"}],"wp:attachment":[{"href":"https:\/\/mdisitges.com\/en\/wp-json\/wp\/v2\/media?parent=11872"}],"wp:term":[{"taxonomy":"product_brand","embeddable":true,"href":"https:\/\/mdisitges.com\/en\/wp-json\/wp\/v2\/product_brand?post=11872"},{"taxonomy":"product_cat","embeddable":true,"href":"https:\/\/mdisitges.com\/en\/wp-json\/wp\/v2\/product_cat?post=11872"},{"taxonomy":"product_tag","embeddable":true,"href":"https:\/\/mdisitges.com\/en\/wp-json\/wp\/v2\/product_tag?post=11872"}],"curies":[{"name":"wp","href":"https:\/\/api.w.org\/{rel}","templated":true}]}}