{"id":11873,"date":"2025-03-12T17:02:10","date_gmt":"2025-03-12T17:02:10","guid":{"rendered":"https:\/\/mdisitges.com\/producto\/rina\/"},"modified":"2025-03-12T17:02:10","modified_gmt":"2025-03-12T17:02:10","slug":"rina","status":"publish","type":"product","link":"https:\/\/mdisitges.com\/en\/producto\/rina\/","title":{"rendered":"Rina"},"content":{"rendered":"<p>Elegante silla de chapa de roble y asiento tapizado en tela de color beige (100% poli\u00e9ster).<br \/>\nLa silla RINA presenta una perfecta combinaci\u00f3n de estilo y comodidad.<br \/>\nGracias a su dise\u00f1o cl\u00e1sico, es una excelente opci\u00f3n para cualquier ambiente contempor\u00e1neo, ya sea un comedor, una sala de estar o cualquier otra habitaci\u00f3n.<\/p>\n","protected":false},"excerpt":{"rendered":"<p>Elegante silla de chapa de roble y asiento tapizado en tela de color beige (100% poli\u00e9ster). La silla RINA presenta una perfecta combinaci\u00f3n de estilo y comodidad. Gracias a su dise\u00f1o cl\u00e1sico, es una excelente opci\u00f3n para cualquier ambiente contempor\u00e1neo, ya sea un comedor, una sala de estar o cualquier otra habitaci\u00f3n.<\/p>\n","protected":false},"featured_media":10688,"template":"","meta":{"inline_featured_image":false},"product_brand":[146],"product_cat":[199,184],"product_tag":[],"class_list":{"0":"post-11873","1":"product","2":"type-product","3":"status-publish","4":"has-post-thumbnail","6":"product_brand-somcasa","7":"product_cat-chairs-and-stools-en","8":"product_cat-indoor-furniture","10":"first","11":"instock","12":"taxable","13":"shipping-taxable","14":"purchasable","15":"product-type-simple"},"aioseo_notices":[],"_links":{"self":[{"href":"https:\/\/mdisitges.com\/en\/wp-json\/wp\/v2\/product\/11873","targetHints":{"allow":["GET"]}}],"collection":[{"href":"https:\/\/mdisitges.com\/en\/wp-json\/wp\/v2\/product"}],"about":[{"href":"https:\/\/mdisitges.com\/en\/wp-json\/wp\/v2\/types\/product"}],"wp:featuredmedia":[{"embeddable":true,"href":"https:\/\/mdisitges.com\/en\/wp-json\/wp\/v2\/media\/10688"}],"wp:attachment":[{"href":"https:\/\/mdisitges.com\/en\/wp-json\/wp\/v2\/media?parent=11873"}],"wp:term":[{"taxonomy":"product_brand","embeddable":true,"href":"https:\/\/mdisitges.com\/en\/wp-json\/wp\/v2\/product_brand?post=11873"},{"taxonomy":"product_cat","embeddable":true,"href":"https:\/\/mdisitges.com\/en\/wp-json\/wp\/v2\/product_cat?post=11873"},{"taxonomy":"product_tag","embeddable":true,"href":"https:\/\/mdisitges.com\/en\/wp-json\/wp\/v2\/product_tag?post=11873"}],"curies":[{"name":"wp","href":"https:\/\/api.w.org\/{rel}","templated":true}]}}