{"id":11874,"date":"2025-03-12T17:02:10","date_gmt":"2025-03-12T17:02:10","guid":{"rendered":"https:\/\/mdisitges.com\/producto\/anais-2\/"},"modified":"2025-03-12T17:02:10","modified_gmt":"2025-03-12T17:02:10","slug":"anais-2","status":"publish","type":"product","link":"https:\/\/mdisitges.com\/en\/producto\/anais-2\/","title":{"rendered":"Anais"},"content":{"rendered":"<p>La silla de madera ANAIS est\u00e1 fabricada en chapa nogal y tapizado en tela de color gris claro (100% poli\u00e9ster) en su respaldo y asiento.<br \/>\nDestaca por su dise\u00f1o atractivo y moderno, siendo una pieza indispensable para cualquier comedor, sea del estilo que sea (desde el cl\u00e1sico hasta el colonial, n\u00f3rdico, minimalista&#8230;).<br \/>\nSu respaldo, ligeramente curvado, proporciona un excelente soporte ergon\u00f3mico, convirtiendo la silla ANAIS es un art\u00edculo elegante y funcional.<\/p>\n","protected":false},"excerpt":{"rendered":"<p>La silla de madera ANAIS est\u00e1 fabricada en chapa nogal y tapizado en tela de color gris claro (100% poli\u00e9ster) en su respaldo y asiento. Destaca por su dise\u00f1o atractivo y moderno, siendo una pieza indispensable para cualquier comedor, sea del estilo que sea (desde el cl\u00e1sico hasta el colonial, n\u00f3rdico, minimalista&#8230;). Su respaldo, ligeramente [&hellip;]<\/p>\n","protected":false},"featured_media":10574,"template":"","meta":{"inline_featured_image":false},"product_brand":[146],"product_cat":[199,184],"product_tag":[],"class_list":{"0":"post-11874","1":"product","2":"type-product","3":"status-publish","4":"has-post-thumbnail","6":"product_brand-somcasa","7":"product_cat-chairs-and-stools-en","8":"product_cat-indoor-furniture","10":"first","11":"instock","12":"taxable","13":"shipping-taxable","14":"purchasable","15":"product-type-simple"},"aioseo_notices":[],"_links":{"self":[{"href":"https:\/\/mdisitges.com\/en\/wp-json\/wp\/v2\/product\/11874","targetHints":{"allow":["GET"]}}],"collection":[{"href":"https:\/\/mdisitges.com\/en\/wp-json\/wp\/v2\/product"}],"about":[{"href":"https:\/\/mdisitges.com\/en\/wp-json\/wp\/v2\/types\/product"}],"wp:featuredmedia":[{"embeddable":true,"href":"https:\/\/mdisitges.com\/en\/wp-json\/wp\/v2\/media\/10574"}],"wp:attachment":[{"href":"https:\/\/mdisitges.com\/en\/wp-json\/wp\/v2\/media?parent=11874"}],"wp:term":[{"taxonomy":"product_brand","embeddable":true,"href":"https:\/\/mdisitges.com\/en\/wp-json\/wp\/v2\/product_brand?post=11874"},{"taxonomy":"product_cat","embeddable":true,"href":"https:\/\/mdisitges.com\/en\/wp-json\/wp\/v2\/product_cat?post=11874"},{"taxonomy":"product_tag","embeddable":true,"href":"https:\/\/mdisitges.com\/en\/wp-json\/wp\/v2\/product_tag?post=11874"}],"curies":[{"name":"wp","href":"https:\/\/api.w.org\/{rel}","templated":true}]}}