{"id":11878,"date":"2025-03-12T17:02:10","date_gmt":"2025-03-12T17:02:10","guid":{"rendered":"https:\/\/mdisitges.com\/producto\/arny-2\/"},"modified":"2025-03-12T17:02:10","modified_gmt":"2025-03-12T17:02:10","slug":"arny-2","status":"publish","type":"product","link":"https:\/\/mdisitges.com\/en\/producto\/arny-2\/","title":{"rendered":"Arny"},"content":{"rendered":"<p>La combinaci\u00f3n de funcionalidad y estilo del taburete bajo ARNY es verdaderamente excepcional.<br \/>\nTapizado en un elegante gris oscuro de poli\u00e9ster 100%, y con patas y barras traseras\/laterales de metal negro, este taburete destaca por su dise\u00f1o sofisticado, ideal para entornos modernos.<br \/>\nAdem\u00e1s, su base s\u00f3lida y estable garantiza una experiencia de asiento c\u00f3moda, convirtiendo al taburete bajo ARNY en una opci\u00f3n excelente para cualquier espacio.<\/p>\n","protected":false},"excerpt":{"rendered":"<p>La combinaci\u00f3n de funcionalidad y estilo del taburete bajo ARNY es verdaderamente excepcional. Tapizado en un elegante gris oscuro de poli\u00e9ster 100%, y con patas y barras traseras\/laterales de metal negro, este taburete destaca por su dise\u00f1o sofisticado, ideal para entornos modernos. Adem\u00e1s, su base s\u00f3lida y estable garantiza una experiencia de asiento c\u00f3moda, convirtiendo [&hellip;]<\/p>\n","protected":false},"featured_media":10450,"template":"","meta":{"inline_featured_image":false},"product_brand":[146],"product_cat":[199,184],"product_tag":[],"class_list":{"0":"post-11878","1":"product","2":"type-product","3":"status-publish","4":"has-post-thumbnail","6":"product_brand-somcasa","7":"product_cat-chairs-and-stools-en","8":"product_cat-indoor-furniture","10":"first","11":"instock","12":"taxable","13":"shipping-taxable","14":"purchasable","15":"product-type-simple"},"aioseo_notices":[],"_links":{"self":[{"href":"https:\/\/mdisitges.com\/en\/wp-json\/wp\/v2\/product\/11878","targetHints":{"allow":["GET"]}}],"collection":[{"href":"https:\/\/mdisitges.com\/en\/wp-json\/wp\/v2\/product"}],"about":[{"href":"https:\/\/mdisitges.com\/en\/wp-json\/wp\/v2\/types\/product"}],"wp:featuredmedia":[{"embeddable":true,"href":"https:\/\/mdisitges.com\/en\/wp-json\/wp\/v2\/media\/10450"}],"wp:attachment":[{"href":"https:\/\/mdisitges.com\/en\/wp-json\/wp\/v2\/media?parent=11878"}],"wp:term":[{"taxonomy":"product_brand","embeddable":true,"href":"https:\/\/mdisitges.com\/en\/wp-json\/wp\/v2\/product_brand?post=11878"},{"taxonomy":"product_cat","embeddable":true,"href":"https:\/\/mdisitges.com\/en\/wp-json\/wp\/v2\/product_cat?post=11878"},{"taxonomy":"product_tag","embeddable":true,"href":"https:\/\/mdisitges.com\/en\/wp-json\/wp\/v2\/product_tag?post=11878"}],"curies":[{"name":"wp","href":"https:\/\/api.w.org\/{rel}","templated":true}]}}