{"id":11881,"date":"2025-03-12T17:02:10","date_gmt":"2025-03-12T17:02:10","guid":{"rendered":"https:\/\/mdisitges.com\/producto\/mondrian\/"},"modified":"2025-03-12T17:02:10","modified_gmt":"2025-03-12T17:02:10","slug":"mondrian","status":"publish","type":"product","link":"https:\/\/mdisitges.com\/en\/producto\/mondrian\/","title":{"rendered":"Mondrian"},"content":{"rendered":"<p>El sill\u00f3n Mondrian de Fama est\u00e1 llamado a convertirse en la nueva pieza emblem\u00e1tica de Fama. Nuestro objetivo ha sido crear un sill\u00f3n muy ligero, pero que ergon\u00f3micamente se adaptase a las formas corporales. Lo m\u00e1s importante es que ofrece una gran comodidad y, sobre todo, que cuando est\u00e1 cerrado tiene un dise\u00f1o tan ligero que nadie dir\u00eda que es un relax. En este caso ofrecemos el sill\u00f3n relax Mondrian L (altura del asiento de 45 cm). Con un sistema de botonera t\u00e1ctil que permite dejarlo en la posici\u00f3n deseada. Para otras medidas, color de patas o diferentes tejidos ponganse en contacto con nosotros. <\/p>\n","protected":false},"excerpt":{"rendered":"<p>El sill\u00f3n Mondrian de Fama est\u00e1 llamado a convertirse en la nueva pieza emblem\u00e1tica de Fama. Nuestro objetivo ha sido crear un sill\u00f3n muy ligero, pero que ergon\u00f3micamente se adaptase a las formas corporales. Lo m\u00e1s importante es que ofrece una gran comodidad y, sobre todo, que cuando est\u00e1 cerrado tiene un dise\u00f1o tan ligero [&hellip;]<\/p>\n","protected":false},"featured_media":10850,"template":"","meta":{"inline_featured_image":false},"product_brand":[145],"product_cat":[200,184],"product_tag":[],"class_list":{"0":"post-11881","1":"product","2":"type-product","3":"status-publish","4":"has-post-thumbnail","6":"product_brand-fama","7":"product_cat-armchairs-en","8":"product_cat-indoor-furniture","10":"first","11":"instock","12":"taxable","13":"shipping-taxable","14":"purchasable","15":"product-type-simple"},"aioseo_notices":[],"_links":{"self":[{"href":"https:\/\/mdisitges.com\/en\/wp-json\/wp\/v2\/product\/11881","targetHints":{"allow":["GET"]}}],"collection":[{"href":"https:\/\/mdisitges.com\/en\/wp-json\/wp\/v2\/product"}],"about":[{"href":"https:\/\/mdisitges.com\/en\/wp-json\/wp\/v2\/types\/product"}],"wp:featuredmedia":[{"embeddable":true,"href":"https:\/\/mdisitges.com\/en\/wp-json\/wp\/v2\/media\/10850"}],"wp:attachment":[{"href":"https:\/\/mdisitges.com\/en\/wp-json\/wp\/v2\/media?parent=11881"}],"wp:term":[{"taxonomy":"product_brand","embeddable":true,"href":"https:\/\/mdisitges.com\/en\/wp-json\/wp\/v2\/product_brand?post=11881"},{"taxonomy":"product_cat","embeddable":true,"href":"https:\/\/mdisitges.com\/en\/wp-json\/wp\/v2\/product_cat?post=11881"},{"taxonomy":"product_tag","embeddable":true,"href":"https:\/\/mdisitges.com\/en\/wp-json\/wp\/v2\/product_tag?post=11881"}],"curies":[{"name":"wp","href":"https:\/\/api.w.org\/{rel}","templated":true}]}}