{"id":11885,"date":"2025-03-12T17:02:09","date_gmt":"2025-03-12T17:02:09","guid":{"rendered":"https:\/\/mdisitges.com\/producto\/parma\/"},"modified":"2025-03-12T17:02:09","modified_gmt":"2025-03-12T17:02:09","slug":"parma","status":"publish","type":"product","link":"https:\/\/mdisitges.com\/en\/producto\/parma\/","title":{"rendered":"Parma"},"content":{"rendered":"<p>La butaca PARMA es una pieza de dise\u00f1o elegante y funcional que se destaca por su estilo acogedor y su versatilidad.<br \/>\nEl color gris oscuro es una elecci\u00f3n sofisticada que complementa una amplia gama de estilos decorativos, desde ambientes modernos hasta interiores m\u00e1s cl\u00e1sicos, aportando equilibrio y luminosidad.<br \/>\nTapizada en un tejido suave y agradable al tacto, esta butaca brinda una experiencia envolvente, ideal para momentos de relajaci\u00f3n en el sal\u00f3n, dormitorio o incluso en una oficina.<br \/>\nAdem\u00e1s, cuenta con una base met\u00e1lica giratoria de 360\u00ba, lo que la convierte en una excelente opci\u00f3n para el uso diario, ya que permite una movilidad fluida y vers\u00e1til sin necesidad de moverse del asiento.<\/p>\n","protected":false},"excerpt":{"rendered":"<p>La butaca PARMA es una pieza de dise\u00f1o elegante y funcional que se destaca por su estilo acogedor y su versatilidad. El color gris oscuro es una elecci\u00f3n sofisticada que complementa una amplia gama de estilos decorativos, desde ambientes modernos hasta interiores m\u00e1s cl\u00e1sicos, aportando equilibrio y luminosidad. Tapizada en un tejido suave y agradable [&hellip;]<\/p>\n","protected":false},"featured_media":10904,"template":"","meta":{"inline_featured_image":false},"product_brand":[146],"product_cat":[200,184],"product_tag":[],"class_list":{"0":"post-11885","1":"product","2":"type-product","3":"status-publish","4":"has-post-thumbnail","6":"product_brand-somcasa","7":"product_cat-armchairs-en","8":"product_cat-indoor-furniture","10":"first","11":"instock","12":"taxable","13":"shipping-taxable","14":"purchasable","15":"product-type-simple"},"aioseo_notices":[],"_links":{"self":[{"href":"https:\/\/mdisitges.com\/en\/wp-json\/wp\/v2\/product\/11885","targetHints":{"allow":["GET"]}}],"collection":[{"href":"https:\/\/mdisitges.com\/en\/wp-json\/wp\/v2\/product"}],"about":[{"href":"https:\/\/mdisitges.com\/en\/wp-json\/wp\/v2\/types\/product"}],"wp:featuredmedia":[{"embeddable":true,"href":"https:\/\/mdisitges.com\/en\/wp-json\/wp\/v2\/media\/10904"}],"wp:attachment":[{"href":"https:\/\/mdisitges.com\/en\/wp-json\/wp\/v2\/media?parent=11885"}],"wp:term":[{"taxonomy":"product_brand","embeddable":true,"href":"https:\/\/mdisitges.com\/en\/wp-json\/wp\/v2\/product_brand?post=11885"},{"taxonomy":"product_cat","embeddable":true,"href":"https:\/\/mdisitges.com\/en\/wp-json\/wp\/v2\/product_cat?post=11885"},{"taxonomy":"product_tag","embeddable":true,"href":"https:\/\/mdisitges.com\/en\/wp-json\/wp\/v2\/product_tag?post=11885"}],"curies":[{"name":"wp","href":"https:\/\/api.w.org\/{rel}","templated":true}]}}