{"id":11887,"date":"2025-03-12T17:02:09","date_gmt":"2025-03-12T17:02:09","guid":{"rendered":"https:\/\/mdisitges.com\/producto\/sintra-2\/"},"modified":"2025-03-12T17:02:09","modified_gmt":"2025-03-12T17:02:09","slug":"sintra-2","status":"publish","type":"product","link":"https:\/\/mdisitges.com\/en\/producto\/sintra-2\/","title":{"rendered":"Sintra"},"content":{"rendered":"<p>La butaca Sintra contempla un dise\u00f1o moderno y natural. El tapizado de tela Tango mostaza as\u00ed como las patas realizadas en madera ayudan a crear un ambiente \u00fanico tanto en hogar como en oficinas.<\/p>\n","protected":false},"excerpt":{"rendered":"<p>La butaca Sintra contempla un dise\u00f1o moderno y natural. El tapizado de tela Tango mostaza as\u00ed como las patas realizadas en madera ayudan a crear un ambiente \u00fanico tanto en hogar como en oficinas.<\/p>\n","protected":false},"featured_media":10932,"template":"","meta":{"inline_featured_image":false},"product_brand":[146],"product_cat":[200,184],"product_tag":[],"class_list":{"0":"post-11887","1":"product","2":"type-product","3":"status-publish","4":"has-post-thumbnail","6":"product_brand-somcasa","7":"product_cat-armchairs-en","8":"product_cat-indoor-furniture","10":"first","11":"instock","12":"taxable","13":"shipping-taxable","14":"purchasable","15":"product-type-simple"},"aioseo_notices":[],"_links":{"self":[{"href":"https:\/\/mdisitges.com\/en\/wp-json\/wp\/v2\/product\/11887","targetHints":{"allow":["GET"]}}],"collection":[{"href":"https:\/\/mdisitges.com\/en\/wp-json\/wp\/v2\/product"}],"about":[{"href":"https:\/\/mdisitges.com\/en\/wp-json\/wp\/v2\/types\/product"}],"wp:featuredmedia":[{"embeddable":true,"href":"https:\/\/mdisitges.com\/en\/wp-json\/wp\/v2\/media\/10932"}],"wp:attachment":[{"href":"https:\/\/mdisitges.com\/en\/wp-json\/wp\/v2\/media?parent=11887"}],"wp:term":[{"taxonomy":"product_brand","embeddable":true,"href":"https:\/\/mdisitges.com\/en\/wp-json\/wp\/v2\/product_brand?post=11887"},{"taxonomy":"product_cat","embeddable":true,"href":"https:\/\/mdisitges.com\/en\/wp-json\/wp\/v2\/product_cat?post=11887"},{"taxonomy":"product_tag","embeddable":true,"href":"https:\/\/mdisitges.com\/en\/wp-json\/wp\/v2\/product_tag?post=11887"}],"curies":[{"name":"wp","href":"https:\/\/api.w.org\/{rel}","templated":true}]}}