{"id":11888,"date":"2025-03-12T17:02:09","date_gmt":"2025-03-12T17:02:09","guid":{"rendered":"https:\/\/mdisitges.com\/producto\/erbach\/"},"modified":"2025-03-12T17:02:09","modified_gmt":"2025-03-12T17:02:09","slug":"erbach","status":"publish","type":"product","link":"https:\/\/mdisitges.com\/en\/producto\/erbach\/","title":{"rendered":"Erbach"},"content":{"rendered":"<p>Sill\u00f3n erbach, de estilo art deco. Fabricado en madera de pino, en color marr\u00f3n, combinado con poli\u00e9ster, en color beige jaspeado y espuma.<\/p>\n","protected":false},"excerpt":{"rendered":"<p>Sill\u00f3n erbach, de estilo art deco. Fabricado en madera de pino, en color marr\u00f3n, combinado con poli\u00e9ster, en color beige jaspeado y espuma.<\/p>\n","protected":false},"featured_media":10752,"template":"","meta":{"inline_featured_image":false},"product_brand":[139],"product_cat":[200,184],"product_tag":[],"class_list":{"0":"post-11888","1":"product","2":"type-product","3":"status-publish","4":"has-post-thumbnail","6":"product_brand-vical-home","7":"product_cat-armchairs-en","8":"product_cat-indoor-furniture","10":"first","11":"instock","12":"taxable","13":"shipping-taxable","14":"purchasable","15":"product-type-simple"},"aioseo_notices":[],"_links":{"self":[{"href":"https:\/\/mdisitges.com\/en\/wp-json\/wp\/v2\/product\/11888","targetHints":{"allow":["GET"]}}],"collection":[{"href":"https:\/\/mdisitges.com\/en\/wp-json\/wp\/v2\/product"}],"about":[{"href":"https:\/\/mdisitges.com\/en\/wp-json\/wp\/v2\/types\/product"}],"wp:featuredmedia":[{"embeddable":true,"href":"https:\/\/mdisitges.com\/en\/wp-json\/wp\/v2\/media\/10752"}],"wp:attachment":[{"href":"https:\/\/mdisitges.com\/en\/wp-json\/wp\/v2\/media?parent=11888"}],"wp:term":[{"taxonomy":"product_brand","embeddable":true,"href":"https:\/\/mdisitges.com\/en\/wp-json\/wp\/v2\/product_brand?post=11888"},{"taxonomy":"product_cat","embeddable":true,"href":"https:\/\/mdisitges.com\/en\/wp-json\/wp\/v2\/product_cat?post=11888"},{"taxonomy":"product_tag","embeddable":true,"href":"https:\/\/mdisitges.com\/en\/wp-json\/wp\/v2\/product_tag?post=11888"}],"curies":[{"name":"wp","href":"https:\/\/api.w.org\/{rel}","templated":true}]}}