{"id":11890,"date":"2025-03-12T17:02:09","date_gmt":"2025-03-12T17:02:09","guid":{"rendered":"https:\/\/mdisitges.com\/producto\/arianne-love\/"},"modified":"2025-03-12T17:02:09","modified_gmt":"2025-03-12T17:02:09","slug":"arianne-love","status":"publish","type":"product","link":"https:\/\/mdisitges.com\/en\/producto\/arianne-love\/","title":{"rendered":"Arianne Love"},"content":{"rendered":"<p>Naci\u00f3 como un nuevo concepto de modular que recuperaba el esp\u00edritu de los a\u00f1os 60. Basado en el concepto de m\u00f3dulos independientes, de sentada baja y gran comodidad, Arianne Love ofrece una amplia gama de opciones: m\u00f3dulos rectos, chaisse longue, puffs rectos, m\u00f3dulos curvos, puffs redondos, dos m\u00f3dulos de rinc\u00f3n diferentes, y mesas con tapa elevable y arc\u00f3n. Su acabado estilo capiton\u00e9 en asiento y respaldo contribuye a su gran comodidad, a la vez que le aporta un look atractivo y pr\u00e1ctico, libre de arrugas. Composici\u00f3n compuesta por un brazo izquierdo, un m\u00f3dulo S1, un m\u00f3dulo B70 y un Puf PT2 con patas de 6 cm. Para otro tipo de composiciones, medidas o telas poneros en contacto con nosotros. Tambi\u00e9s disponemos de la opci\u00f3n totalmente desenfundable y patas de 3 cm y 10 cm.  <\/p>\n","protected":false},"excerpt":{"rendered":"<p>Naci\u00f3 como un nuevo concepto de modular que recuperaba el esp\u00edritu de los a\u00f1os 60. Basado en el concepto de m\u00f3dulos independientes, de sentada baja y gran comodidad, Arianne Love ofrece una amplia gama de opciones: m\u00f3dulos rectos, chaisse longue, puffs rectos, m\u00f3dulos curvos, puffs redondos, dos m\u00f3dulos de rinc\u00f3n diferentes, y mesas con tapa [&hellip;]<\/p>\n","protected":false},"featured_media":10942,"template":"","meta":{"inline_featured_image":false},"product_brand":[145],"product_cat":[184,201],"product_tag":[],"class_list":{"0":"post-11890","1":"product","2":"type-product","3":"status-publish","4":"has-post-thumbnail","6":"product_brand-fama","7":"product_cat-indoor-furniture","8":"product_cat-sofas","10":"first","11":"instock","12":"taxable","13":"shipping-taxable","14":"purchasable","15":"product-type-simple"},"aioseo_notices":[],"_links":{"self":[{"href":"https:\/\/mdisitges.com\/en\/wp-json\/wp\/v2\/product\/11890","targetHints":{"allow":["GET"]}}],"collection":[{"href":"https:\/\/mdisitges.com\/en\/wp-json\/wp\/v2\/product"}],"about":[{"href":"https:\/\/mdisitges.com\/en\/wp-json\/wp\/v2\/types\/product"}],"wp:featuredmedia":[{"embeddable":true,"href":"https:\/\/mdisitges.com\/en\/wp-json\/wp\/v2\/media\/10942"}],"wp:attachment":[{"href":"https:\/\/mdisitges.com\/en\/wp-json\/wp\/v2\/media?parent=11890"}],"wp:term":[{"taxonomy":"product_brand","embeddable":true,"href":"https:\/\/mdisitges.com\/en\/wp-json\/wp\/v2\/product_brand?post=11890"},{"taxonomy":"product_cat","embeddable":true,"href":"https:\/\/mdisitges.com\/en\/wp-json\/wp\/v2\/product_cat?post=11890"},{"taxonomy":"product_tag","embeddable":true,"href":"https:\/\/mdisitges.com\/en\/wp-json\/wp\/v2\/product_tag?post=11890"}],"curies":[{"name":"wp","href":"https:\/\/api.w.org\/{rel}","templated":true}]}}