{"id":11891,"date":"2025-03-12T17:02:09","date_gmt":"2025-03-12T17:02:09","guid":{"rendered":"https:\/\/mdisitges.com\/producto\/axel\/"},"modified":"2025-03-12T17:02:09","modified_gmt":"2025-03-12T17:02:09","slug":"axel","status":"publish","type":"product","link":"https:\/\/mdisitges.com\/en\/producto\/axel\/","title":{"rendered":"Axel"},"content":{"rendered":"<p>Axel es un programa relax modular con innumerables elementos para combinar, lo que permitir\u00e1 crear la composici\u00f3n que mejor se adapte a ti y a tu sal\u00f3n. Dispone tambi\u00e9n de 5 brazos diferentes entre los que elegir. Composici\u00f3n del sof\u00e1 relax motorizado formada por un brazo Jazz J1, un m\u00f3dulo MR 90, un m\u00f3dulo MR 90 y un brazo Jazz J2. Para otro tipo de composiciones, medidas o telas poneros en contacto con nosotros.<\/p>\n","protected":false},"excerpt":{"rendered":"<p>Axel es un programa relax modular con innumerables elementos para combinar, lo que permitir\u00e1 crear la composici\u00f3n que mejor se adapte a ti y a tu sal\u00f3n. Dispone tambi\u00e9n de 5 brazos diferentes entre los que elegir. Composici\u00f3n del sof\u00e1 relax motorizado formada por un brazo Jazz J1, un m\u00f3dulo MR 90, un m\u00f3dulo MR [&hellip;]<\/p>\n","protected":false},"featured_media":10962,"template":"","meta":{"inline_featured_image":false},"product_brand":[145],"product_cat":[184,201],"product_tag":[],"class_list":{"0":"post-11891","1":"product","2":"type-product","3":"status-publish","4":"has-post-thumbnail","6":"product_brand-fama","7":"product_cat-indoor-furniture","8":"product_cat-sofas","10":"first","11":"instock","12":"taxable","13":"shipping-taxable","14":"purchasable","15":"product-type-simple"},"aioseo_notices":[],"_links":{"self":[{"href":"https:\/\/mdisitges.com\/en\/wp-json\/wp\/v2\/product\/11891","targetHints":{"allow":["GET"]}}],"collection":[{"href":"https:\/\/mdisitges.com\/en\/wp-json\/wp\/v2\/product"}],"about":[{"href":"https:\/\/mdisitges.com\/en\/wp-json\/wp\/v2\/types\/product"}],"wp:featuredmedia":[{"embeddable":true,"href":"https:\/\/mdisitges.com\/en\/wp-json\/wp\/v2\/media\/10962"}],"wp:attachment":[{"href":"https:\/\/mdisitges.com\/en\/wp-json\/wp\/v2\/media?parent=11891"}],"wp:term":[{"taxonomy":"product_brand","embeddable":true,"href":"https:\/\/mdisitges.com\/en\/wp-json\/wp\/v2\/product_brand?post=11891"},{"taxonomy":"product_cat","embeddable":true,"href":"https:\/\/mdisitges.com\/en\/wp-json\/wp\/v2\/product_cat?post=11891"},{"taxonomy":"product_tag","embeddable":true,"href":"https:\/\/mdisitges.com\/en\/wp-json\/wp\/v2\/product_tag?post=11891"}],"curies":[{"name":"wp","href":"https:\/\/api.w.org\/{rel}","templated":true}]}}