{"id":11892,"date":"2025-03-12T17:02:08","date_gmt":"2025-03-12T17:02:08","guid":{"rendered":"https:\/\/mdisitges.com\/producto\/moonrise\/"},"modified":"2025-03-12T17:02:08","modified_gmt":"2025-03-12T17:02:08","slug":"moonrise","status":"publish","type":"product","link":"https:\/\/mdisitges.com\/en\/producto\/moonrise\/","title":{"rendered":"Moonrise"},"content":{"rendered":"<p>Un sill\u00f3n relax motorizadon, uno de nuestros iconos m\u00e1s importantes.<br \/>\n\u00danicamente hemos realizado peque\u00f1os cambios enfocados a mejorar su enorme comodidad: una nueva cabecerilla con forma de coj\u00edn que recoge mejor la cabeza y un reposapi\u00e9s continuo que permite a cada persona estirar las piernas de la forma que le sea m\u00e1s c\u00f3moda. Para otras medidas, color de patas o diferentes tejidos ponganse en contacto con nosotros. <\/p>\n","protected":false},"excerpt":{"rendered":"<p>Un sill\u00f3n relax motorizadon, uno de nuestros iconos m\u00e1s importantes. \u00danicamente hemos realizado peque\u00f1os cambios enfocados a mejorar su enorme comodidad: una nueva cabecerilla con forma de coj\u00edn que recoge mejor la cabeza y un reposapi\u00e9s continuo que permite a cada persona estirar las piernas de la forma que le sea m\u00e1s c\u00f3moda. Para otras [&hellip;]<\/p>\n","protected":false},"featured_media":10882,"template":"","meta":{"inline_featured_image":false},"product_brand":[145],"product_cat":[200,184],"product_tag":[],"class_list":{"0":"post-11892","1":"product","2":"type-product","3":"status-publish","4":"has-post-thumbnail","6":"product_brand-fama","7":"product_cat-armchairs-en","8":"product_cat-indoor-furniture","10":"first","11":"instock","12":"taxable","13":"shipping-taxable","14":"purchasable","15":"product-type-simple"},"aioseo_notices":[],"_links":{"self":[{"href":"https:\/\/mdisitges.com\/en\/wp-json\/wp\/v2\/product\/11892","targetHints":{"allow":["GET"]}}],"collection":[{"href":"https:\/\/mdisitges.com\/en\/wp-json\/wp\/v2\/product"}],"about":[{"href":"https:\/\/mdisitges.com\/en\/wp-json\/wp\/v2\/types\/product"}],"wp:featuredmedia":[{"embeddable":true,"href":"https:\/\/mdisitges.com\/en\/wp-json\/wp\/v2\/media\/10882"}],"wp:attachment":[{"href":"https:\/\/mdisitges.com\/en\/wp-json\/wp\/v2\/media?parent=11892"}],"wp:term":[{"taxonomy":"product_brand","embeddable":true,"href":"https:\/\/mdisitges.com\/en\/wp-json\/wp\/v2\/product_brand?post=11892"},{"taxonomy":"product_cat","embeddable":true,"href":"https:\/\/mdisitges.com\/en\/wp-json\/wp\/v2\/product_cat?post=11892"},{"taxonomy":"product_tag","embeddable":true,"href":"https:\/\/mdisitges.com\/en\/wp-json\/wp\/v2\/product_tag?post=11892"}],"curies":[{"name":"wp","href":"https:\/\/api.w.org\/{rel}","templated":true}]}}