{"id":11893,"date":"2025-03-12T17:02:08","date_gmt":"2025-03-12T17:02:08","guid":{"rendered":"https:\/\/mdisitges.com\/producto\/lenny\/"},"modified":"2025-03-12T17:02:08","modified_gmt":"2025-03-12T17:02:08","slug":"lenny","status":"publish","type":"product","link":"https:\/\/mdisitges.com\/en\/producto\/lenny\/","title":{"rendered":"Lenny"},"content":{"rendered":"<p>Lenny es quiz\u00e1s nuestro dise\u00f1o m\u00e1s emblem\u00e1tico, un inteligente juego de curvas c\u00f3ncavas y convexas que crean un sill\u00f3n \u00fanico e irrepetible. Su asiento y respaldo de fibra le aportan una comodidad incre\u00edble. La base es un mecanismo giratorio y balanc\u00edn. El puff redondo es el complemento perfecto para elevar la comodidad de Lenny a la m\u00e1xima potencia. Las patas por defecto vienen en cromo, para otras medidas, color de patas o diferentes tejidos ponganse en contacto con nosotros. <\/p>\n","protected":false},"excerpt":{"rendered":"<p>Lenny es quiz\u00e1s nuestro dise\u00f1o m\u00e1s emblem\u00e1tico, un inteligente juego de curvas c\u00f3ncavas y convexas que crean un sill\u00f3n \u00fanico e irrepetible. Su asiento y respaldo de fibra le aportan una comodidad incre\u00edble. La base es un mecanismo giratorio y balanc\u00edn. El puff redondo es el complemento perfecto para elevar la comodidad de Lenny a [&hellip;]<\/p>\n","protected":false},"featured_media":10814,"template":"","meta":{"inline_featured_image":false},"product_brand":[145],"product_cat":[200,184],"product_tag":[],"class_list":{"0":"post-11893","1":"product","2":"type-product","3":"status-publish","4":"has-post-thumbnail","6":"product_brand-fama","7":"product_cat-armchairs-en","8":"product_cat-indoor-furniture","10":"first","11":"instock","12":"taxable","13":"shipping-taxable","14":"purchasable","15":"product-type-simple"},"aioseo_notices":[],"_links":{"self":[{"href":"https:\/\/mdisitges.com\/en\/wp-json\/wp\/v2\/product\/11893","targetHints":{"allow":["GET"]}}],"collection":[{"href":"https:\/\/mdisitges.com\/en\/wp-json\/wp\/v2\/product"}],"about":[{"href":"https:\/\/mdisitges.com\/en\/wp-json\/wp\/v2\/types\/product"}],"wp:featuredmedia":[{"embeddable":true,"href":"https:\/\/mdisitges.com\/en\/wp-json\/wp\/v2\/media\/10814"}],"wp:attachment":[{"href":"https:\/\/mdisitges.com\/en\/wp-json\/wp\/v2\/media?parent=11893"}],"wp:term":[{"taxonomy":"product_brand","embeddable":true,"href":"https:\/\/mdisitges.com\/en\/wp-json\/wp\/v2\/product_brand?post=11893"},{"taxonomy":"product_cat","embeddable":true,"href":"https:\/\/mdisitges.com\/en\/wp-json\/wp\/v2\/product_cat?post=11893"},{"taxonomy":"product_tag","embeddable":true,"href":"https:\/\/mdisitges.com\/en\/wp-json\/wp\/v2\/product_tag?post=11893"}],"curies":[{"name":"wp","href":"https:\/\/api.w.org\/{rel}","templated":true}]}}