{"id":11894,"date":"2025-03-12T17:02:08","date_gmt":"2025-03-12T17:02:08","guid":{"rendered":"https:\/\/mdisitges.com\/producto\/kylian\/"},"modified":"2025-03-12T17:02:08","modified_gmt":"2025-03-12T17:02:08","slug":"kylian","status":"publish","type":"product","link":"https:\/\/mdisitges.com\/en\/producto\/kylian\/","title":{"rendered":"Kylian"},"content":{"rendered":"<p>Kylian forma parte de la familia de Kangou. Es el alter ego del modelo Komba, con el que comparte dise\u00f1o de asiento y brazos, pero su respaldo crece y adopta una l\u00ednea suave y curva que le aporta un aire m\u00e1s tradicional. La combinaci\u00f3n de la ri\u00f1onera y el reposacabezas con contrapeso le otorga una comodidad envidiable. Al igual que Komba, puede adaptarse al uso con patas de madera, balanc\u00edn o pie giratorio. Por defecto ponemos 4 patas de madera en color roble, para un diferente color de patas, pie giratorio o pie mecedora (balanc\u00edn) o diferentes tejidos ponganse en contacto con nosotros.<\/p>\n","protected":false},"excerpt":{"rendered":"<p>Kylian forma parte de la familia de Kangou. Es el alter ego del modelo Komba, con el que comparte dise\u00f1o de asiento y brazos, pero su respaldo crece y adopta una l\u00ednea suave y curva que le aporta un aire m\u00e1s tradicional. La combinaci\u00f3n de la ri\u00f1onera y el reposacabezas con contrapeso le otorga una [&hellip;]<\/p>\n","protected":false},"featured_media":10782,"template":"","meta":{"inline_featured_image":false},"product_brand":[145],"product_cat":[200,184],"product_tag":[],"class_list":{"0":"post-11894","1":"product","2":"type-product","3":"status-publish","4":"has-post-thumbnail","6":"product_brand-fama","7":"product_cat-armchairs-en","8":"product_cat-indoor-furniture","10":"first","11":"instock","12":"taxable","13":"shipping-taxable","14":"purchasable","15":"product-type-simple"},"aioseo_notices":[],"_links":{"self":[{"href":"https:\/\/mdisitges.com\/en\/wp-json\/wp\/v2\/product\/11894","targetHints":{"allow":["GET"]}}],"collection":[{"href":"https:\/\/mdisitges.com\/en\/wp-json\/wp\/v2\/product"}],"about":[{"href":"https:\/\/mdisitges.com\/en\/wp-json\/wp\/v2\/types\/product"}],"wp:featuredmedia":[{"embeddable":true,"href":"https:\/\/mdisitges.com\/en\/wp-json\/wp\/v2\/media\/10782"}],"wp:attachment":[{"href":"https:\/\/mdisitges.com\/en\/wp-json\/wp\/v2\/media?parent=11894"}],"wp:term":[{"taxonomy":"product_brand","embeddable":true,"href":"https:\/\/mdisitges.com\/en\/wp-json\/wp\/v2\/product_brand?post=11894"},{"taxonomy":"product_cat","embeddable":true,"href":"https:\/\/mdisitges.com\/en\/wp-json\/wp\/v2\/product_cat?post=11894"},{"taxonomy":"product_tag","embeddable":true,"href":"https:\/\/mdisitges.com\/en\/wp-json\/wp\/v2\/product_tag?post=11894"}],"curies":[{"name":"wp","href":"https:\/\/api.w.org\/{rel}","templated":true}]}}