{"id":11895,"date":"2025-03-12T17:02:08","date_gmt":"2025-03-12T17:02:08","guid":{"rendered":"https:\/\/mdisitges.com\/producto\/teseo\/"},"modified":"2025-03-12T17:02:08","modified_gmt":"2025-03-12T17:02:08","slug":"teseo","status":"publish","type":"product","link":"https:\/\/mdisitges.com\/en\/producto\/teseo\/","title":{"rendered":"Teseo"},"content":{"rendered":"<p>Sof\u00e1 Teseo. &#8211; Nueva SENTADA NUBE: sistema patentado Con esta innovaci\u00f3n creada y patentada por Fama Sofas conseguimos una comodidad superior a lo existente en el mercado. Tendremos dos versiones: Premium y Basic. Var\u00edan en su composici\u00f3n, y para notar la diferencia \u00a1tendr\u00e1s que probarlas!<\/p>\n<p>&#8211; DISE\u00d1O CIRCULAR: un sof\u00e1 para toda la vida Teseo parte de un innovador sistema de construcci\u00f3n, en el que TODOS los elementos del sof\u00e1 son reemplazables: fundas, almohadas, gomas, suspensi\u00f3n de asiento\u2026<\/p>\n<p>&#8211; VERSI\u00d3N PREMIUM Y VERSI\u00d3N BASIC: Conscientes de que este nuevo sistema de &#8220;Sentada Nube&#8221; puede quedar fuera del alcance de algunos clientes, ofrecemos Teseo tambi\u00e9n en una versi\u00f3n Basic con suspensi\u00f3n Nea + Goma de 35kg + fibra.<\/p>\n<p>&#8211; MODULACI\u00d3N:Permite crear m\u00faltiples composiciones que se adaptar\u00e1n a tu espacio. Adem\u00e1s, con su sistema de dos fondos tendr\u00e1s en un mismo m\u00f3dulo dos sentadas: normal y chaisse.                          Composici\u00f3n del sof\u00e1: 1 brazo V1, 2 m\u00f3dulos A de 96 y 1 brazo V2 con sentada Basic. Para otro tipo de composiciones, medidas o telas poneros en contacto con nosotros.<\/p>\n","protected":false},"excerpt":{"rendered":"<p>Sof\u00e1 Teseo. &#8211; Nueva SENTADA NUBE: sistema patentado Con esta innovaci\u00f3n creada y patentada por Fama Sofas conseguimos una comodidad superior a lo existente en el mercado. Tendremos dos versiones: Premium y Basic. Var\u00edan en su composici\u00f3n, y para notar la diferencia \u00a1tendr\u00e1s que probarlas! &#8211; DISE\u00d1O CIRCULAR: un sof\u00e1 para toda la vida Teseo [&hellip;]<\/p>\n","protected":false},"featured_media":11068,"template":"","meta":{"inline_featured_image":false},"product_brand":[145],"product_cat":[184,201],"product_tag":[],"class_list":{"0":"post-11895","1":"product","2":"type-product","3":"status-publish","4":"has-post-thumbnail","6":"product_brand-fama","7":"product_cat-indoor-furniture","8":"product_cat-sofas","10":"first","11":"instock","12":"taxable","13":"shipping-taxable","14":"purchasable","15":"product-type-simple"},"aioseo_notices":[],"_links":{"self":[{"href":"https:\/\/mdisitges.com\/en\/wp-json\/wp\/v2\/product\/11895","targetHints":{"allow":["GET"]}}],"collection":[{"href":"https:\/\/mdisitges.com\/en\/wp-json\/wp\/v2\/product"}],"about":[{"href":"https:\/\/mdisitges.com\/en\/wp-json\/wp\/v2\/types\/product"}],"wp:featuredmedia":[{"embeddable":true,"href":"https:\/\/mdisitges.com\/en\/wp-json\/wp\/v2\/media\/11068"}],"wp:attachment":[{"href":"https:\/\/mdisitges.com\/en\/wp-json\/wp\/v2\/media?parent=11895"}],"wp:term":[{"taxonomy":"product_brand","embeddable":true,"href":"https:\/\/mdisitges.com\/en\/wp-json\/wp\/v2\/product_brand?post=11895"},{"taxonomy":"product_cat","embeddable":true,"href":"https:\/\/mdisitges.com\/en\/wp-json\/wp\/v2\/product_cat?post=11895"},{"taxonomy":"product_tag","embeddable":true,"href":"https:\/\/mdisitges.com\/en\/wp-json\/wp\/v2\/product_tag?post=11895"}],"curies":[{"name":"wp","href":"https:\/\/api.w.org\/{rel}","templated":true}]}}