{"id":11896,"date":"2025-03-12T17:02:08","date_gmt":"2025-03-12T17:02:08","guid":{"rendered":"https:\/\/mdisitges.com\/producto\/pacific\/"},"modified":"2025-03-12T17:02:08","modified_gmt":"2025-03-12T17:02:08","slug":"pacific","status":"publish","type":"product","link":"https:\/\/mdisitges.com\/en\/producto\/pacific\/","title":{"rendered":"Pacific"},"content":{"rendered":"<p>Pacific es uno de esos modelos que gustan a primera vista y enamoran al probarlos. Se trata de un programa modular formado por varias plataformas de diferentes formas y medidas a las que podemos a\u00f1adir o quitar los respaldos en un abrir y cerrar de ojos mediante un ingenioso sistema de sujeci\u00f3n. De esta manera, la plataforma de un puff se puede transformar en un minuto en un m\u00f3dulo o un sill\u00f3n, sin necesidad de tornillos ni herramientas. Podemos pasar de dos sof\u00e1s independientes a un modular convencional, o a un moderno chaisse longue abierto a los dos lados. Composici\u00f3n del sof\u00e1: 3 plazas con dos brazos, patas en metal negras y varillas de brazos y respaldos en negro. Para otro tipo de composiciones, medidas o telas poneros en contacto con nosotros. <\/p>\n","protected":false},"excerpt":{"rendered":"<p>Pacific es uno de esos modelos que gustan a primera vista y enamoran al probarlos. Se trata de un programa modular formado por varias plataformas de diferentes formas y medidas a las que podemos a\u00f1adir o quitar los respaldos en un abrir y cerrar de ojos mediante un ingenioso sistema de sujeci\u00f3n. De esta manera, [&hellip;]<\/p>\n","protected":false},"featured_media":9137,"template":"","meta":{"inline_featured_image":false},"product_brand":[145],"product_cat":[184,201],"product_tag":[],"class_list":{"0":"post-11896","1":"product","2":"type-product","3":"status-publish","4":"has-post-thumbnail","6":"product_brand-fama","7":"product_cat-indoor-furniture","8":"product_cat-sofas","10":"first","11":"instock","12":"taxable","13":"shipping-taxable","14":"purchasable","15":"product-type-simple"},"aioseo_notices":[],"_links":{"self":[{"href":"https:\/\/mdisitges.com\/en\/wp-json\/wp\/v2\/product\/11896","targetHints":{"allow":["GET"]}}],"collection":[{"href":"https:\/\/mdisitges.com\/en\/wp-json\/wp\/v2\/product"}],"about":[{"href":"https:\/\/mdisitges.com\/en\/wp-json\/wp\/v2\/types\/product"}],"wp:featuredmedia":[{"embeddable":true,"href":"https:\/\/mdisitges.com\/en\/wp-json\/wp\/v2\/media\/9137"}],"wp:attachment":[{"href":"https:\/\/mdisitges.com\/en\/wp-json\/wp\/v2\/media?parent=11896"}],"wp:term":[{"taxonomy":"product_brand","embeddable":true,"href":"https:\/\/mdisitges.com\/en\/wp-json\/wp\/v2\/product_brand?post=11896"},{"taxonomy":"product_cat","embeddable":true,"href":"https:\/\/mdisitges.com\/en\/wp-json\/wp\/v2\/product_cat?post=11896"},{"taxonomy":"product_tag","embeddable":true,"href":"https:\/\/mdisitges.com\/en\/wp-json\/wp\/v2\/product_tag?post=11896"}],"curies":[{"name":"wp","href":"https:\/\/api.w.org\/{rel}","templated":true}]}}