{"id":11897,"date":"2025-03-12T17:02:08","date_gmt":"2025-03-12T17:02:08","guid":{"rendered":"https:\/\/mdisitges.com\/producto\/manacor\/"},"modified":"2025-03-12T17:02:08","modified_gmt":"2025-03-12T17:02:08","slug":"manacor","status":"publish","type":"product","link":"https:\/\/mdisitges.com\/en\/producto\/manacor\/","title":{"rendered":"Manacor"},"content":{"rendered":"<p>Manacor es un modular para disfrutarlo. Gracias a sus respaldos multiposicionales podemos encontrar posiciones incre\u00edbles que se adaptar\u00e1n a nuestra forma de sentarnos en cada momento. Existen varias medidas de m\u00f3dulos y de puffs con las que podemos crear la composici\u00f3n que m\u00e1s se adapte a nuestras necesidades. Otra de las grandes ventajas de Manacor es que es un modelo tan bonito por delante como por detr\u00e1s. Esto viene muy bien para quienes quieran separar la zona del comedor de la sala de estar. Composici\u00f3n del sof\u00e1: 2 m\u00f3dulos MB1 de 175 cm y patas por defecto en wengu\u00e9. Para otro tipo de composiciones, medidas, color de patas o telas poneros en contacto con nosotros. <\/p>\n","protected":false},"excerpt":{"rendered":"<p>Manacor es un modular para disfrutarlo. Gracias a sus respaldos multiposicionales podemos encontrar posiciones incre\u00edbles que se adaptar\u00e1n a nuestra forma de sentarnos en cada momento. Existen varias medidas de m\u00f3dulos y de puffs con las que podemos crear la composici\u00f3n que m\u00e1s se adapte a nuestras necesidades. Otra de las grandes ventajas de Manacor [&hellip;]<\/p>\n","protected":false},"featured_media":11012,"template":"","meta":{"inline_featured_image":false},"product_brand":[145],"product_cat":[184,201],"product_tag":[],"class_list":{"0":"post-11897","1":"product","2":"type-product","3":"status-publish","4":"has-post-thumbnail","6":"product_brand-fama","7":"product_cat-indoor-furniture","8":"product_cat-sofas","10":"first","11":"instock","12":"taxable","13":"shipping-taxable","14":"purchasable","15":"product-type-simple"},"aioseo_notices":[],"_links":{"self":[{"href":"https:\/\/mdisitges.com\/en\/wp-json\/wp\/v2\/product\/11897","targetHints":{"allow":["GET"]}}],"collection":[{"href":"https:\/\/mdisitges.com\/en\/wp-json\/wp\/v2\/product"}],"about":[{"href":"https:\/\/mdisitges.com\/en\/wp-json\/wp\/v2\/types\/product"}],"wp:featuredmedia":[{"embeddable":true,"href":"https:\/\/mdisitges.com\/en\/wp-json\/wp\/v2\/media\/11012"}],"wp:attachment":[{"href":"https:\/\/mdisitges.com\/en\/wp-json\/wp\/v2\/media?parent=11897"}],"wp:term":[{"taxonomy":"product_brand","embeddable":true,"href":"https:\/\/mdisitges.com\/en\/wp-json\/wp\/v2\/product_brand?post=11897"},{"taxonomy":"product_cat","embeddable":true,"href":"https:\/\/mdisitges.com\/en\/wp-json\/wp\/v2\/product_cat?post=11897"},{"taxonomy":"product_tag","embeddable":true,"href":"https:\/\/mdisitges.com\/en\/wp-json\/wp\/v2\/product_tag?post=11897"}],"curies":[{"name":"wp","href":"https:\/\/api.w.org\/{rel}","templated":true}]}}